{"id":37159,"date":"2026-03-23T16:07:10","date_gmt":"2026-03-23T16:07:10","guid":{"rendered":"https:\/\/www.maplesoftgroup.com\/a-propos-2\/iso-90012015-certified\/"},"modified":"2026-05-06T15:57:08","modified_gmt":"2026-05-06T15:57:08","slug":"certification-iso-9001-2015","status":"publish","type":"page","link":"https:\/\/www.maplesoftgroup.com\/fr-ca\/a-propos\/certification-iso-9001-2015\/","title":{"rendered":"Certification ISO 9001:2015"},"content":{"rendered":"\t\t<div data-elementor-type=\"wp-page\" data-elementor-id=\"37159\" class=\"elementor elementor-37159 elementor-36504\" data-elementor-post-type=\"page\">\n\t\t\t\t\t\t\t<div class=\" elementor-element elementor-element-9013111 e-flex e-con-boxed e-con e-parent\" data-id=\"9013111\" data-element_type=\"container\">\r\n\t\t\t\t\t\t\t<div class=\"e-con-inner\">\r\n\t\t\t\t\t\t\t<div class=\" elementor-element elementor-element-7987ae6 e-con-full e-flex e-con e-child\" data-id=\"7987ae6\" data-element_type=\"container\">\r\n\t\t\t\t\t<div class=\"elementor-element elementor-element-fd5d7ce elementor-widget elementor-widget-udesign_widget_heading\" data-id=\"fd5d7ce\" data-element_type=\"widget\" data-widget_type=\"udesign_widget_heading.default\">\n\t\t\t\t<div class=\"elementor-widget-container\">\n\t\t\t\t\t<div class=\"title-wrapper  title-underline title-underline2 title-left title-md-left\"><h2 class=\"title elementor-heading-title\">Certification ISO 9001:2015<\/h2><\/div>\t\t\t\t<\/div>\n\t\t\t\t<\/div>\n\t\t\t\t<div class=\"elementor-element elementor-element-02f3265 elementor-widget elementor-widget-text-editor\" data-id=\"02f3265\" data-element_type=\"widget\" data-widget_type=\"text-editor.default\">\n\t\t\t\t<div class=\"elementor-widget-container\">\n\t\t\t\t\t\t\t\t\t<p><span class=\"NormalTextRun SCXW52267541 BCX8\">C\u2019est avec fiert\u00e9 que nous annon\u00e7ons que\u00a0<\/span><span class=\"NormalTextRun SpellingErrorV2Themed SCXW52267541 BCX8\">Maplesoft<\/span><span class=\"NormalTextRun SCXW52267541 BCX8\">\u00a0Consulting Inc. a obtenu la prestigieuse certification ISO 9001:2015 pour le recrutement et la dotation de\u00a0<\/span><span class=\"NormalTextRun SpellingErrorV2Themed SCXW52267541 BCX8\">professionnel\u00b7le\u00b7s<\/span><span class=\"NormalTextRun SCXW52267541 BCX8\">\u00a0dans les secteurs priv\u00e9 et public.<\/span><\/p><p><span class=\"TextRun SCXW106006346 BCX8\" lang=\"FR-CA\" xml:lang=\"FR-CA\" data-contrast=\"auto\"><span class=\"NormalTextRun SCXW106006346 BCX8\">Cette certification t\u00e9moigne du d\u00e9vouement, du travail acharn\u00e9 et du professionnalisme de notre \u00e9quipe, qui a su maintenir rigoureusement les normes les plus \u00e9lev\u00e9es en offrant des solutions de recrutement ax\u00e9es sur la qualit\u00e9. Leur engagement envers l&rsquo;excellence et l&rsquo;am\u00e9lioration continue a rendu cette r\u00e9ussite possible.<\/span><\/span><\/p>\t\t\t\t\t\t\t\t<\/div>\n\t\t\t\t<\/div>\n\t\t\r\n\t\t\t<\/div>\r\n\t\t\t\t\t\t<div class=\" elementor-element elementor-element-0e743bf mb-5 mb-lg-0 e-con-full e-flex elementor-invisible e-con e-child\" data-id=\"0e743bf\" data-element_type=\"container\" data-settings=\"{&quot;animation&quot;:&quot;fadeInLeftShorter&quot;}\">\r\n\t\t\t\t\t<div class=\"elementor-element elementor-element-a7a1e94 cs_39-img-shadow shadow1 cs_39-shadow-none elementor-widget-tablet__width-initial elementor-widget-laptop__width-initial elementor-widget elementor-widget-image\" data-id=\"a7a1e94\" data-element_type=\"widget\" data-widget_type=\"image.default\">\n\t\t\t\t<div class=\"elementor-widget-container\">\n\t\t\t\t\t\t\t\t\t\t\t\t\t\t\t<img fetchpriority=\"high\" decoding=\"async\" width=\"949\" height=\"537\" src=\"https:\/\/www.maplesoftgroup.com\/wp-content\/uploads\/2026\/03\/Maplesoft-homecertification.jpg\" class=\"attachment-large size-large wp-image-37134\" alt=\"\" srcset=\"https:\/\/www.maplesoftgroup.com\/wp-content\/uploads\/2026\/03\/Maplesoft-homecertification.jpg 949w, https:\/\/www.maplesoftgroup.com\/wp-content\/uploads\/2026\/03\/Maplesoft-homecertification-768x435.jpg 768w, https:\/\/www.maplesoftgroup.com\/wp-content\/uploads\/2026\/03\/Maplesoft-homecertification-780x440.jpg 780w, https:\/\/www.maplesoftgroup.com\/wp-content\/uploads\/2026\/03\/Maplesoft-homecertification-390x220.jpg 390w\" sizes=\"(max-width: 949px) 100vw, 949px\" \/>\t\t\t\t\t\t\t\t\t\t\t\t\t\t\t<\/div>\n\t\t\t\t<\/div>\n\t\t\r\n\t\t\t<\/div>\r\n\t\t\t\t\t\t\t<\/div>\r\n\t\t\t\t\r\n\t\t\t<\/div>\r\n\t\t\t\t\t\t<div class=\" elementor-element elementor-element-9b6ca01 e-flex e-con-boxed e-con e-parent\" data-id=\"9b6ca01\" data-element_type=\"container\" data-settings=\"{&quot;background_background&quot;:&quot;classic&quot;}\">\r\n\t\t\t\t\t\t\t<div class=\"e-con-inner\">\r\n\t\t\t\t\t\t<div class=\"elementor-element elementor-element-ba09953 elementor-widget__width-inherit elementor-widget elementor-widget-udesign_widget_heading\" data-id=\"ba09953\" data-element_type=\"widget\" data-widget_type=\"udesign_widget_heading.default\">\n\t\t\t\t<div class=\"elementor-widget-container\">\n\t\t\t\t\t<div class=\"title-wrapper  title-center\"><h2 class=\"title elementor-heading-title\">Ce que cela signifie pour notre client\u00e8le : <\/h2><\/div>\t\t\t\t<\/div>\n\t\t\t\t<\/div>\n\t\t\t\t<div class=\"elementor-element elementor-element-82ae9a2 elementor-widget-divider--view-line elementor-invisible elementor-widget elementor-widget-divider\" data-id=\"82ae9a2\" data-element_type=\"widget\" data-settings=\"{&quot;_animation&quot;:&quot;fadeIn&quot;,&quot;_animation_delay&quot;:800}\" data-widget_type=\"divider.default\">\n\t\t\t\t<div class=\"elementor-widget-container\">\n\t\t\t\t\t\t\t<div class=\"elementor-divider\">\n\t\t\t<span class=\"elementor-divider-separator\">\n\t\t\t\t\t\t<\/span>\n\t\t<\/div>\n\t\t\t\t\t\t<\/div>\n\t\t\t\t<\/div>\n\t\t\t\t<div class=\"elementor-element elementor-element-304b867 animated-fast elementor-widget elementor-widget-heading\" data-id=\"304b867\" data-element_type=\"widget\" data-settings=\"{&quot;_animation&quot;:&quot;none&quot;,&quot;_animation_delay&quot;:800}\" data-widget_type=\"heading.default\">\n\t\t\t\t<div class=\"elementor-widget-container\">\n\t\t\t\t\t<p class=\"elementor-heading-title elementor-size-default\">Notre certification ISO 9001:2015 souligne notre engagement \u00e0 fournir des services constants, fiables et de haute qualit\u00e9. Elle assure \u00e0 notre client\u00e8le que nous respectons les normes mondialement reconnues en mati\u00e8re d'efficacit\u00e9 et de satisfaction, nous permettant ainsi de continuer \u00e0 la mettre en relation avec les meilleurs talents des secteurs priv\u00e9 et public. <br><br>\nAlors que nous c\u00e9l\u00e9brons ce jalon important, nous avons \u00e0 c\u0153ur de maintenir et de surpasser ces normes, favorisant ainsi la r\u00e9ussite de notre client\u00e8le et de notre \u00e9quipe.<\/p>\t\t\t\t<\/div>\n\t\t\t\t<\/div>\n\t\t\t\t<div class=\"elementor-element elementor-element-0c4eabf elementor-widget elementor-widget-udesign_widget_button\" data-id=\"0c4eabf\" data-element_type=\"widget\" data-widget_type=\"udesign_widget_button.default\">\n\t\t\t\t<div class=\"elementor-widget-container\">\n\t\t\t\t\t<a class=\"btn btn-link btn-md btn-primary btn-icon btn-icon-right\" href=\"https:\/\/www.maplesoftgroup.com\/wp-content\/uploads\/2026\/03\/ISO-E-Certificate.pdf\" target=\"_blank\" ><span >Consulter le certificat ici<\/span><i class=\"a-icon-long-arrow-right\"><\/i><\/a>\t\t\t\t<\/div>\n\t\t\t\t<\/div>\n\t\t\t\t\t\t<\/div>\r\n\t\t\t\t\r\n\t\t\t<\/div>\r\n\t\t\t\t\t<\/div>\n\t\t","protected":false},"excerpt":{"rendered":"<p>Certification ISO 9001:2015 C\u2019est avec fiert\u00e9 que nous annon\u00e7ons que\u00a0Maplesoft\u00a0Consulting Inc. a obtenu la prestigieuse certification ISO 9001:2015 pour le recrutement et la dotation de\u00a0professionnel\u00b7le\u00b7s\u00a0dans les secteurs priv\u00e9 et public. Cette certification t\u00e9moigne du d\u00e9vouement, du travail acharn\u00e9 et du professionnalisme de notre \u00e9quipe, qui a su maintenir rigoureusement les normes les plus \u00e9lev\u00e9es en [&hellip;]<\/p>\n","protected":false},"author":1,"featured_media":0,"parent":37149,"menu_order":0,"comment_status":"closed","ping_status":"closed","template":"elementor_header_footer","meta":{"footnotes":""},"class_list":["post-37159","page","type-page","status-publish","hentry"],"yoast_head":"<!-- This site is optimized with the Yoast SEO plugin v27.5 - https:\/\/yoast.com\/product\/yoast-seo-wordpress\/ -->\n<title>Certification ISO 9001:2015 - Maplesoft Group<\/title>\n<meta name=\"robots\" content=\"index, follow, max-snippet:-1, max-image-preview:large, max-video-preview:-1\" \/>\n<link rel=\"canonical\" href=\"https:\/\/www.maplesoftgroup.com\/fr-ca\/a-propos\/certification-iso-9001-2015\/\" \/>\n<meta property=\"og:locale\" content=\"fr_CA\" \/>\n<meta property=\"og:type\" content=\"article\" \/>\n<meta property=\"og:title\" content=\"Certification ISO 9001:2015 - Maplesoft Group\" \/>\n<meta property=\"og:description\" content=\"Certification ISO 9001:2015 C\u2019est avec fiert\u00e9 que nous annon\u00e7ons que\u00a0Maplesoft\u00a0Consulting Inc. a obtenu la prestigieuse certification ISO 9001:2015 pour le recrutement et la dotation de\u00a0professionnel\u00b7le\u00b7s\u00a0dans les secteurs priv\u00e9 et public. Cette certification t\u00e9moigne du d\u00e9vouement, du travail acharn\u00e9 et du professionnalisme de notre \u00e9quipe, qui a su maintenir rigoureusement les normes les plus \u00e9lev\u00e9es en [&hellip;]\" \/>\n<meta property=\"og:url\" content=\"https:\/\/www.maplesoftgroup.com\/fr-ca\/a-propos\/certification-iso-9001-2015\/\" \/>\n<meta property=\"og:site_name\" content=\"Maplesoft Group\" \/>\n<meta property=\"article:modified_time\" content=\"2026-05-06T15:57:08+00:00\" \/>\n<meta property=\"og:image\" content=\"https:\/\/www.maplesoftgroup.com\/wp-content\/uploads\/2026\/03\/Maplesoft-homecertification.jpg\" \/>\n<meta name=\"twitter:card\" content=\"summary_large_image\" \/>\n<meta name=\"twitter:label1\" content=\"Estimation du temps de lecture\" \/>\n\t<meta name=\"twitter:data1\" content=\"1 minute\" \/>\n<script type=\"application\/ld+json\" class=\"yoast-schema-graph\">{\"@context\":\"https:\\\/\\\/schema.org\",\"@graph\":[{\"@type\":\"WebPage\",\"@id\":\"https:\\\/\\\/www.maplesoftgroup.com\\\/fr-ca\\\/a-propos\\\/certification-iso-9001-2015\\\/\",\"url\":\"https:\\\/\\\/www.maplesoftgroup.com\\\/fr-ca\\\/a-propos\\\/certification-iso-9001-2015\\\/\",\"name\":\"Certification ISO 9001:2015 - Maplesoft Group\",\"isPartOf\":{\"@id\":\"https:\\\/\\\/www.maplesoftgroup.com\\\/#website\"},\"primaryImageOfPage\":{\"@id\":\"https:\\\/\\\/www.maplesoftgroup.com\\\/fr-ca\\\/a-propos\\\/certification-iso-9001-2015\\\/#primaryimage\"},\"image\":{\"@id\":\"https:\\\/\\\/www.maplesoftgroup.com\\\/fr-ca\\\/a-propos\\\/certification-iso-9001-2015\\\/#primaryimage\"},\"thumbnailUrl\":\"https:\\\/\\\/www.maplesoftgroup.com\\\/wp-content\\\/uploads\\\/2026\\\/03\\\/Maplesoft-homecertification.jpg\",\"datePublished\":\"2026-03-23T16:07:10+00:00\",\"dateModified\":\"2026-05-06T15:57:08+00:00\",\"breadcrumb\":{\"@id\":\"https:\\\/\\\/www.maplesoftgroup.com\\\/fr-ca\\\/a-propos\\\/certification-iso-9001-2015\\\/#breadcrumb\"},\"inLanguage\":\"fr-CA\",\"potentialAction\":[{\"@type\":\"ReadAction\",\"target\":[\"https:\\\/\\\/www.maplesoftgroup.com\\\/fr-ca\\\/a-propos\\\/certification-iso-9001-2015\\\/\"]}]},{\"@type\":\"ImageObject\",\"inLanguage\":\"fr-CA\",\"@id\":\"https:\\\/\\\/www.maplesoftgroup.com\\\/fr-ca\\\/a-propos\\\/certification-iso-9001-2015\\\/#primaryimage\",\"url\":\"https:\\\/\\\/www.maplesoftgroup.com\\\/wp-content\\\/uploads\\\/2026\\\/03\\\/Maplesoft-homecertification.jpg\",\"contentUrl\":\"https:\\\/\\\/www.maplesoftgroup.com\\\/wp-content\\\/uploads\\\/2026\\\/03\\\/Maplesoft-homecertification.jpg\"},{\"@type\":\"BreadcrumbList\",\"@id\":\"https:\\\/\\\/www.maplesoftgroup.com\\\/fr-ca\\\/a-propos\\\/certification-iso-9001-2015\\\/#breadcrumb\",\"itemListElement\":[{\"@type\":\"ListItem\",\"position\":1,\"name\":\"Home\",\"item\":\"https:\\\/\\\/www.maplesoftgroup.com\\\/fr-ca\\\/\"},{\"@type\":\"ListItem\",\"position\":2,\"name\":\"\u00c0 propos\",\"item\":\"https:\\\/\\\/www.maplesoftgroup.com\\\/fr-ca\\\/a-propos\\\/\"},{\"@type\":\"ListItem\",\"position\":3,\"name\":\"Certification ISO 9001:2015\"}]},{\"@type\":\"WebSite\",\"@id\":\"https:\\\/\\\/www.maplesoftgroup.com\\\/#website\",\"url\":\"https:\\\/\\\/www.maplesoftgroup.com\\\/\",\"name\":\"QLogitek\",\"description\":\"\",\"publisher\":{\"@id\":\"https:\\\/\\\/www.maplesoftgroup.com\\\/#organization\"},\"potentialAction\":[{\"@type\":\"SearchAction\",\"target\":{\"@type\":\"EntryPoint\",\"urlTemplate\":\"https:\\\/\\\/www.maplesoftgroup.com\\\/?s={search_term_string}\"},\"query-input\":{\"@type\":\"PropertyValueSpecification\",\"valueRequired\":true,\"valueName\":\"search_term_string\"}}],\"inLanguage\":\"fr-CA\"},{\"@type\":\"Organization\",\"@id\":\"https:\\\/\\\/www.maplesoftgroup.com\\\/#organization\",\"name\":\"QLogitek\",\"url\":\"https:\\\/\\\/www.maplesoftgroup.com\\\/\",\"logo\":{\"@type\":\"ImageObject\",\"inLanguage\":\"fr-CA\",\"@id\":\"https:\\\/\\\/www.maplesoftgroup.com\\\/#\\\/schema\\\/logo\\\/image\\\/\",\"url\":\"https:\\\/\\\/www.maplesoftgroup.com\\\/wp-content\\\/uploads\\\/2025\\\/11\\\/QLogitek-New-Logo.png\",\"contentUrl\":\"https:\\\/\\\/www.maplesoftgroup.com\\\/wp-content\\\/uploads\\\/2025\\\/11\\\/QLogitek-New-Logo.png\",\"width\":1,\"height\":1,\"caption\":\"QLogitek\"},\"image\":{\"@id\":\"https:\\\/\\\/www.maplesoftgroup.com\\\/#\\\/schema\\\/logo\\\/image\\\/\"},\"sameAs\":[\"https:\\\/\\\/www.linkedin.com\\\/company\\\/qlogitek\\\/\"]}]}<\/script>\n<!-- \/ Yoast SEO plugin. -->","yoast_head_json":{"title":"Certification ISO 9001:2015 - Maplesoft Group","robots":{"index":"index","follow":"follow","max-snippet":"max-snippet:-1","max-image-preview":"max-image-preview:large","max-video-preview":"max-video-preview:-1"},"canonical":"https:\/\/www.maplesoftgroup.com\/fr-ca\/a-propos\/certification-iso-9001-2015\/","og_locale":"fr_CA","og_type":"article","og_title":"Certification ISO 9001:2015 - Maplesoft Group","og_description":"Certification ISO 9001:2015 C\u2019est avec fiert\u00e9 que nous annon\u00e7ons que\u00a0Maplesoft\u00a0Consulting Inc. a obtenu la prestigieuse certification ISO 9001:2015 pour le recrutement et la dotation de\u00a0professionnel\u00b7le\u00b7s\u00a0dans les secteurs priv\u00e9 et public. Cette certification t\u00e9moigne du d\u00e9vouement, du travail acharn\u00e9 et du professionnalisme de notre \u00e9quipe, qui a su maintenir rigoureusement les normes les plus \u00e9lev\u00e9es en [&hellip;]","og_url":"https:\/\/www.maplesoftgroup.com\/fr-ca\/a-propos\/certification-iso-9001-2015\/","og_site_name":"Maplesoft Group","article_modified_time":"2026-05-06T15:57:08+00:00","og_image":[{"url":"https:\/\/www.maplesoftgroup.com\/wp-content\/uploads\/2026\/03\/Maplesoft-homecertification.jpg","type":"","width":"","height":""}],"twitter_card":"summary_large_image","twitter_misc":{"Estimation du temps de lecture":"1 minute"},"schema":{"@context":"https:\/\/schema.org","@graph":[{"@type":"WebPage","@id":"https:\/\/www.maplesoftgroup.com\/fr-ca\/a-propos\/certification-iso-9001-2015\/","url":"https:\/\/www.maplesoftgroup.com\/fr-ca\/a-propos\/certification-iso-9001-2015\/","name":"Certification ISO 9001:2015 - Maplesoft Group","isPartOf":{"@id":"https:\/\/www.maplesoftgroup.com\/#website"},"primaryImageOfPage":{"@id":"https:\/\/www.maplesoftgroup.com\/fr-ca\/a-propos\/certification-iso-9001-2015\/#primaryimage"},"image":{"@id":"https:\/\/www.maplesoftgroup.com\/fr-ca\/a-propos\/certification-iso-9001-2015\/#primaryimage"},"thumbnailUrl":"https:\/\/www.maplesoftgroup.com\/wp-content\/uploads\/2026\/03\/Maplesoft-homecertification.jpg","datePublished":"2026-03-23T16:07:10+00:00","dateModified":"2026-05-06T15:57:08+00:00","breadcrumb":{"@id":"https:\/\/www.maplesoftgroup.com\/fr-ca\/a-propos\/certification-iso-9001-2015\/#breadcrumb"},"inLanguage":"fr-CA","potentialAction":[{"@type":"ReadAction","target":["https:\/\/www.maplesoftgroup.com\/fr-ca\/a-propos\/certification-iso-9001-2015\/"]}]},{"@type":"ImageObject","inLanguage":"fr-CA","@id":"https:\/\/www.maplesoftgroup.com\/fr-ca\/a-propos\/certification-iso-9001-2015\/#primaryimage","url":"https:\/\/www.maplesoftgroup.com\/wp-content\/uploads\/2026\/03\/Maplesoft-homecertification.jpg","contentUrl":"https:\/\/www.maplesoftgroup.com\/wp-content\/uploads\/2026\/03\/Maplesoft-homecertification.jpg"},{"@type":"BreadcrumbList","@id":"https:\/\/www.maplesoftgroup.com\/fr-ca\/a-propos\/certification-iso-9001-2015\/#breadcrumb","itemListElement":[{"@type":"ListItem","position":1,"name":"Home","item":"https:\/\/www.maplesoftgroup.com\/fr-ca\/"},{"@type":"ListItem","position":2,"name":"\u00c0 propos","item":"https:\/\/www.maplesoftgroup.com\/fr-ca\/a-propos\/"},{"@type":"ListItem","position":3,"name":"Certification ISO 9001:2015"}]},{"@type":"WebSite","@id":"https:\/\/www.maplesoftgroup.com\/#website","url":"https:\/\/www.maplesoftgroup.com\/","name":"QLogitek","description":"","publisher":{"@id":"https:\/\/www.maplesoftgroup.com\/#organization"},"potentialAction":[{"@type":"SearchAction","target":{"@type":"EntryPoint","urlTemplate":"https:\/\/www.maplesoftgroup.com\/?s={search_term_string}"},"query-input":{"@type":"PropertyValueSpecification","valueRequired":true,"valueName":"search_term_string"}}],"inLanguage":"fr-CA"},{"@type":"Organization","@id":"https:\/\/www.maplesoftgroup.com\/#organization","name":"QLogitek","url":"https:\/\/www.maplesoftgroup.com\/","logo":{"@type":"ImageObject","inLanguage":"fr-CA","@id":"https:\/\/www.maplesoftgroup.com\/#\/schema\/logo\/image\/","url":"https:\/\/www.maplesoftgroup.com\/wp-content\/uploads\/2025\/11\/QLogitek-New-Logo.png","contentUrl":"https:\/\/www.maplesoftgroup.com\/wp-content\/uploads\/2025\/11\/QLogitek-New-Logo.png","width":1,"height":1,"caption":"QLogitek"},"image":{"@id":"https:\/\/www.maplesoftgroup.com\/#\/schema\/logo\/image\/"},"sameAs":["https:\/\/www.linkedin.com\/company\/qlogitek\/"]}]}},"jetpack_sharing_enabled":true,"_links":{"self":[{"href":"https:\/\/www.maplesoftgroup.com\/fr-ca\/wp-json\/wp\/v2\/pages\/37159","targetHints":{"allow":["GET"]}}],"collection":[{"href":"https:\/\/www.maplesoftgroup.com\/fr-ca\/wp-json\/wp\/v2\/pages"}],"about":[{"href":"https:\/\/www.maplesoftgroup.com\/fr-ca\/wp-json\/wp\/v2\/types\/page"}],"author":[{"embeddable":true,"href":"https:\/\/www.maplesoftgroup.com\/fr-ca\/wp-json\/wp\/v2\/users\/1"}],"replies":[{"embeddable":true,"href":"https:\/\/www.maplesoftgroup.com\/fr-ca\/wp-json\/wp\/v2\/comments?post=37159"}],"version-history":[{"count":6,"href":"https:\/\/www.maplesoftgroup.com\/fr-ca\/wp-json\/wp\/v2\/pages\/37159\/revisions"}],"predecessor-version":[{"id":37240,"href":"https:\/\/www.maplesoftgroup.com\/fr-ca\/wp-json\/wp\/v2\/pages\/37159\/revisions\/37240"}],"up":[{"embeddable":true,"href":"https:\/\/www.maplesoftgroup.com\/fr-ca\/wp-json\/wp\/v2\/pages\/37149"}],"wp:attachment":[{"href":"https:\/\/www.maplesoftgroup.com\/fr-ca\/wp-json\/wp\/v2\/media?parent=37159"}],"curies":[{"name":"wp","href":"https:\/\/api.w.org\/{rel}","templated":true}]}}