{"id":37168,"date":"2026-03-23T15:46:58","date_gmt":"2026-03-23T15:46:58","guid":{"rendered":"https:\/\/www.maplesoftgroup.com\/a-propos-2\/community-social-responsibility\/"},"modified":"2026-05-06T15:54:23","modified_gmt":"2026-05-06T15:54:23","slug":"responsabilite-sociale-et-communautaire","status":"publish","type":"page","link":"https:\/\/www.maplesoftgroup.com\/fr-ca\/a-propos\/responsabilite-sociale-et-communautaire\/","title":{"rendered":"Responsabilit\u00e9 sociale et communautaire"},"content":{"rendered":"\t\t<div data-elementor-type=\"wp-page\" data-elementor-id=\"37168\" class=\"elementor elementor-37168 elementor-36469\" data-elementor-post-type=\"page\">\n\t\t\t\t\t\t\t<div class=\" elementor-element elementor-element-9013111 e-flex e-con-boxed e-con e-parent\" data-id=\"9013111\" data-element_type=\"container\">\r\n\t\t\t\t\t\t\t<div class=\"e-con-inner\">\r\n\t\t\t\t\t\t\t<div class=\" elementor-element elementor-element-7987ae6 e-con-full e-flex e-con e-child\" data-id=\"7987ae6\" data-element_type=\"container\">\r\n\t\t\t\t\t<div class=\"elementor-element elementor-element-fd5d7ce elementor-widget elementor-widget-udesign_widget_heading\" data-id=\"fd5d7ce\" data-element_type=\"widget\" data-widget_type=\"udesign_widget_heading.default\">\n\t\t\t\t<div class=\"elementor-widget-container\">\n\t\t\t\t\t<div class=\"title-wrapper  title-underline title-underline2 title-left title-md-left\"><h2 class=\"title elementor-heading-title\">Engagement communautaire<\/h2><\/div>\t\t\t\t<\/div>\n\t\t\t\t<\/div>\n\t\t\t\t<div class=\"elementor-element elementor-element-02f3265 elementor-widget elementor-widget-text-editor\" data-id=\"02f3265\" data-element_type=\"widget\" data-widget_type=\"text-editor.default\">\n\t\t\t\t<div class=\"elementor-widget-container\">\n\t\t\t\t\t\t\t\t\t<p><span data-contrast=\"auto\"><span class=\"NormalTextRun SpellingErrorV2Themed SCXW155562583 BCX8\">Maplesoft<\/span><span class=\"NormalTextRun SCXW155562583 BCX8\">\u00a0croit fermement \u00e0 la citoyennet\u00e9 d&rsquo;entreprise et \u00e0 la responsabilit\u00e9 sociale. L&rsquo;une de nos valeurs fondamentales est de redonner \u00e0 la collectivit\u00e9 qui a contribu\u00e9 \u00e0 notre succ\u00e8s. C&rsquo;est pourquoi notre personnel et nos\u00a0<\/span><span class=\"NormalTextRun SpellingErrorV2Themed SCXW155562583 BCX8\">consultant\u00b7e\u00b7s<\/span><span class=\"NormalTextRun SCXW155562583 BCX8\">\u00a0consacrent temps, ressources et \u00e9nergie \u00e0 l&rsquo;am\u00e9lioration des milieux o\u00f9 ils et elles vivent et o\u00f9\u00a0<\/span><span class=\"NormalTextRun SpellingErrorV2Themed SCXW155562583 BCX8\">Maplesoft<\/span><span class=\"NormalTextRun SCXW155562583 BCX8\"> exerce ses activit\u00e9s.<\/span><\/span><\/p><p><span data-contrast=\"auto\">Nous sommes conscients que, par l&rsquo;entremise de nos pr\u00e9cieux clients, partenaires et\u00a0consultant\u00b7e\u00b7s, nous sommes profond\u00e9ment li\u00e9s aux communaut\u00e9s au sein desquelles nous \u0153uvrons. Nous sommes fiers d&rsquo;appuyer les organismes et les initiatives suivants :<\/span><span data-ccp-props=\"{&quot;201341983&quot;:0,&quot;335559739&quot;:160,&quot;335559740&quot;:278}\">\u00a0<\/span><\/p>\t\t\t\t\t\t\t\t<\/div>\n\t\t\t\t<\/div>\n\t\t\r\n\t\t\t<\/div>\r\n\t\t\t\t\t\t<div class=\" elementor-element elementor-element-0e743bf mb-5 mb-lg-0 e-con-full e-flex elementor-invisible e-con e-child\" data-id=\"0e743bf\" data-element_type=\"container\" data-settings=\"{&quot;animation&quot;:&quot;fadeInLeftShorter&quot;}\">\r\n\t\t\t\t\t<div class=\"elementor-element elementor-element-a7a1e94 cs_39-img-shadow shadow1 cs_39-shadow-none elementor-widget-tablet__width-initial elementor-widget-laptop__width-initial elementor-widget elementor-widget-image\" data-id=\"a7a1e94\" data-element_type=\"widget\" data-widget_type=\"image.default\">\n\t\t\t\t<div class=\"elementor-widget-container\">\n\t\t\t\t\t\t\t\t\t\t\t\t\t\t\t<img fetchpriority=\"high\" decoding=\"async\" width=\"1024\" height=\"683\" src=\"https:\/\/www.maplesoftgroup.com\/wp-content\/uploads\/2026\/03\/Comm-and-Social-banner-RFW-1024x683.jpg\" class=\"attachment-large size-large wp-image-37162\" alt=\"\" srcset=\"https:\/\/www.maplesoftgroup.com\/wp-content\/uploads\/2026\/03\/Comm-and-Social-banner-RFW-1024x683.jpg 1024w, https:\/\/www.maplesoftgroup.com\/wp-content\/uploads\/2026\/03\/Comm-and-Social-banner-RFW-768x512.jpg 768w\" sizes=\"(max-width: 1024px) 100vw, 1024px\" \/>\t\t\t\t\t\t\t\t\t\t\t\t\t\t\t<\/div>\n\t\t\t\t<\/div>\n\t\t\r\n\t\t\t<\/div>\r\n\t\t\t\t\t\t\t<\/div>\r\n\t\t\t\t\r\n\t\t\t<\/div>\r\n\t\t\t\t\t\t<div class=\" elementor-element elementor-element-8aae35f e-flex e-con-boxed e-con e-parent\" data-id=\"8aae35f\" data-element_type=\"container\" data-settings=\"{&quot;background_background&quot;:&quot;classic&quot;}\">\r\n\t\t\t\t\t\t\t<div class=\"e-con-inner\">\r\n\t\t\t\t\t\t\t<div class=\" elementor-element elementor-element-675e441 e-con-full e-flex e-con e-child\" data-id=\"675e441\" data-element_type=\"container\">\r\n\t\t\t\t\t<div class=\"elementor-element elementor-element-54f4161 cs_39-img-shadow shadow1 cs_39-shadow-none elementor-widget-tablet__width-initial elementor-widget-laptop__width-initial elementor-widget elementor-widget-image\" data-id=\"54f4161\" data-element_type=\"widget\" data-widget_type=\"image.default\">\n\t\t\t\t<div class=\"elementor-widget-container\">\n\t\t\t\t\t\t\t\t\t\t\t\t\t\t\t<img decoding=\"async\" width=\"1024\" height=\"347\" src=\"https:\/\/www.maplesoftgroup.com\/wp-content\/uploads\/2026\/03\/ORCF-1024x347.png\" class=\"attachment-large size-large wp-image-37163\" alt=\"\" srcset=\"https:\/\/www.maplesoftgroup.com\/wp-content\/uploads\/2026\/03\/ORCF-1024x347.png 1024w, https:\/\/www.maplesoftgroup.com\/wp-content\/uploads\/2026\/03\/ORCF-768x260.png 768w\" sizes=\"(max-width: 1024px) 100vw, 1024px\" \/>\t\t\t\t\t\t\t\t\t\t\t\t\t\t\t<\/div>\n\t\t\t\t<\/div>\n\t\t\r\n\t\t\t<\/div>\r\n\t\t\t\t\t\t<div class=\" elementor-element elementor-element-ba5aec6 e-con-full e-flex e-con e-child\" data-id=\"ba5aec6\" data-element_type=\"container\">\r\n\t\t\t\t\t<div class=\"elementor-element elementor-element-55b752a elementor-widget elementor-widget-udesign_widget_heading\" data-id=\"55b752a\" data-element_type=\"widget\" data-widget_type=\"udesign_widget_heading.default\">\n\t\t\t\t<div class=\"elementor-widget-container\">\n\t\t\t\t\t<div class=\"title-wrapper  title-underline title-underline2 title-left title-md-left\"><h2 class=\"title elementor-heading-title\">Fondation du cancer de la r\u00e9gion d'Ottawa<\/h2><\/div>\t\t\t\t<\/div>\n\t\t\t\t<\/div>\n\t\t\t\t<div class=\"elementor-element elementor-element-52ebe03 elementor-widget elementor-widget-text-editor\" data-id=\"52ebe03\" data-element_type=\"widget\" data-widget_type=\"text-editor.default\">\n\t\t\t\t<div class=\"elementor-widget-container\">\n\t\t\t\t\t\t\t\t\t<span data-contrast=\"auto\">Le Groupe Maplesoft est fier de s&rsquo;associer au travail accompli par la Fondation du cancer de la r\u00e9gion d&rsquo;Ottawa dans notre communaut\u00e9. La fondation s&rsquo;est donn\u00e9 pour mission prioritaire d&rsquo;am\u00e9liorer la vie des r\u00e9sident\u00b7e\u00b7s en leur assurant l&rsquo;acc\u00e8s aux meilleurs soins possible pr\u00e8s de chez eux, ainsi qu&rsquo;\u00e0 de nouveaux traitements, \u00e0 des d\u00e9lais d&rsquo;attente r\u00e9duits et \u00e0 une meilleure qualit\u00e9 de vie globale. Ces objectifs sont tout aussi importants pour l&rsquo;\u00e9quipe de direction de Maplesoft que pour son personnel. Nous nous effor\u00e7ons de pr\u00eacher par l&rsquo;exemple en redonnant aux collectivit\u00e9s o\u00f9 nous vivons et travaillons.<\/span><span data-ccp-props=\"{&quot;201341983&quot;:0,&quot;335559739&quot;:160,&quot;335559740&quot;:278}\">\u00a0<\/span>\n\n<span data-contrast=\"auto\">Nos membres du personnel tirent une grande fiert\u00e9 de nos r\u00e9alisations et, gr\u00e2ce \u00e0 leurs efforts et au succ\u00e8s de notre entreprise, nous faisons notre possible pour redonner \u00e0 la soci\u00e9t\u00e9. Le travail de la fondation, ainsi que l&rsquo;accent mis par\u00a0Wellspring\u00a0sur le soutien aux personnes ayant surv\u00e9cu au cancer, sont des causes qui mobilisent notre \u00e9quipe. Nous sommes honor\u00e9s que le premier centre de survie au cancer de la r\u00e9gion soit nomm\u00e9 \u00ab Centre\u00a0Maplesoft\u00a0\u00bb. La pr\u00e9sence de notre nom sur ce centre est un rappel constant pour toute notre \u00e9quipe de poursuivre notre engagement social.<\/span>\n\n<a href=\"https:\/\/ottawacancer.ca\/\" target=\"_blank\" rel=\"noopener\"><span data-contrast=\"none\">www.ottawacancer.ca<\/span><\/a>\t\t\t\t\t\t\t\t<\/div>\n\t\t\t\t<\/div>\n\t\t\r\n\t\t\t<\/div>\r\n\t\t\t\t\t\t\t<\/div>\r\n\t\t\t\t\r\n\t\t\t<\/div>\r\n\t\t\t\t\t\t<div class=\" elementor-element elementor-element-e5ebf33 e-flex e-con-boxed e-con e-parent\" data-id=\"e5ebf33\" data-element_type=\"container\" data-settings=\"{&quot;background_background&quot;:&quot;classic&quot;}\">\r\n\t\t\t\t\t\t\t<div class=\"e-con-inner\">\r\n\t\t\t\t\t\t\t<div class=\" elementor-element elementor-element-137fab3 e-con-full e-flex e-con e-child\" data-id=\"137fab3\" data-element_type=\"container\">\r\n\t\t\t\t\t<div class=\"elementor-element elementor-element-266c35a elementor-widget elementor-widget-udesign_widget_heading\" data-id=\"266c35a\" data-element_type=\"widget\" data-widget_type=\"udesign_widget_heading.default\">\n\t\t\t\t<div class=\"elementor-widget-container\">\n\t\t\t\t\t<div class=\"title-wrapper  title-underline title-underline2 title-left title-md-left\"><h2 class=\"title elementor-heading-title\">Programme de hockey AAA Maplesoft<\/h2><\/div>\t\t\t\t<\/div>\n\t\t\t\t<\/div>\n\t\t\t\t<div class=\"elementor-element elementor-element-b5218bf elementor-widget elementor-widget-text-editor\" data-id=\"b5218bf\" data-element_type=\"widget\" data-widget_type=\"text-editor.default\">\n\t\t\t\t<div class=\"elementor-widget-container\">\n\t\t\t\t\t\t\t\t\t<span class=\"NormalTextRun SCXW86929361 BCX8\">Nous croyons que des collectivit\u00e9s actives sont des collectivit\u00e9s en sant\u00e9, et nous sommes fiers de soutenir les occasions offertes \u00e0 nos jeunes athl\u00e8tes. \u00c0 cette fin, nous commanditons les Hawks de\u00a0<\/span><span class=\"NormalTextRun SpellingErrorV2Themed SCXW86929361 BCX8\">Maplesoft<\/span><span class=\"NormalTextRun SCXW86929361 BCX8\">, une organisation de hockey junior d&rsquo;Ottawa ax\u00e9e sur l&rsquo;excellence et le franc-jeu. Notre bureau de Calgary est \u00e9galement fier de commanditer les Junior Flames de Calgary.<\/span><br\/>\n<a href=\"https:\/\/www.maplesofthawks.com\" target=\"_blank\" rel=\"noopener\"><span data-contrast=\"none\">www.maplesofthawks.com<\/span><\/a>\t\t\t\t\t\t\t\t<\/div>\n\t\t\t\t<\/div>\n\t\t\r\n\t\t\t<\/div>\r\n\t\t\t\t\t\t<div class=\" elementor-element elementor-element-ef9b28d e-con-full e-flex e-con e-child\" data-id=\"ef9b28d\" data-element_type=\"container\">\r\n\t\t\t\t\t<div class=\"elementor-element elementor-element-6ba916c cs_39-img-shadow shadow1 cs_39-shadow-none elementor-widget-tablet__width-initial elementor-widget-laptop__width-initial elementor-widget elementor-widget-image\" data-id=\"6ba916c\" data-element_type=\"widget\" data-widget_type=\"image.default\">\n\t\t\t\t<div class=\"elementor-widget-container\">\n\t\t\t\t\t\t\t\t\t\t\t\t\t\t\t<img decoding=\"async\" width=\"1024\" height=\"454\" src=\"https:\/\/www.maplesoftgroup.com\/wp-content\/uploads\/2026\/03\/Hawks-Logo-1024x454.png\" class=\"attachment-large size-large wp-image-37164\" alt=\"\" srcset=\"https:\/\/www.maplesoftgroup.com\/wp-content\/uploads\/2026\/03\/Hawks-Logo-1024x454.png 1024w, https:\/\/www.maplesoftgroup.com\/wp-content\/uploads\/2026\/03\/Hawks-Logo-768x341.png 768w\" sizes=\"(max-width: 1024px) 100vw, 1024px\" \/>\t\t\t\t\t\t\t\t\t\t\t\t\t\t\t<\/div>\n\t\t\t\t<\/div>\n\t\t\r\n\t\t\t<\/div>\r\n\t\t\t\t\t\t\t<\/div>\r\n\t\t\t\t\r\n\t\t\t<\/div>\r\n\t\t\t\t\t\t<div class=\" elementor-element elementor-element-26e834c e-flex e-con-boxed e-con e-parent\" data-id=\"26e834c\" data-element_type=\"container\" data-settings=\"{&quot;background_background&quot;:&quot;classic&quot;}\">\r\n\t\t\t\t\t\t\t<div class=\"e-con-inner\">\r\n\t\t\t\t\t\t\t<div class=\" elementor-element elementor-element-8176004 e-con-full e-flex e-con e-child\" data-id=\"8176004\" data-element_type=\"container\">\r\n\t\t\t\t\t<div class=\"elementor-element elementor-element-82a6abb cs_39-img-shadow shadow1 cs_39-shadow-none elementor-widget-tablet__width-initial elementor-widget-laptop__width-initial elementor-widget elementor-widget-image\" data-id=\"82a6abb\" data-element_type=\"widget\" data-widget_type=\"image.default\">\n\t\t\t\t<div class=\"elementor-widget-container\">\n\t\t\t\t\t\t\t\t\t\t\t\t\t\t\t<img loading=\"lazy\" decoding=\"async\" width=\"1024\" height=\"408\" src=\"https:\/\/www.maplesoftgroup.com\/wp-content\/uploads\/2026\/03\/children-foundation-1024x408.png\" class=\"attachment-large size-large wp-image-37166\" alt=\"\" srcset=\"https:\/\/www.maplesoftgroup.com\/wp-content\/uploads\/2026\/03\/children-foundation-1024x408.png 1024w, https:\/\/www.maplesoftgroup.com\/wp-content\/uploads\/2026\/03\/children-foundation-768x306.png 768w\" sizes=\"(max-width: 1024px) 100vw, 1024px\" \/>\t\t\t\t\t\t\t\t\t\t\t\t\t\t\t<\/div>\n\t\t\t\t<\/div>\n\t\t\r\n\t\t\t<\/div>\r\n\t\t\t\t\t\t<div class=\" elementor-element elementor-element-5982995 e-con-full e-flex e-con e-child\" data-id=\"5982995\" data-element_type=\"container\">\r\n\t\t\t\t\t<div class=\"elementor-element elementor-element-d7e87fd elementor-widget elementor-widget-udesign_widget_heading\" data-id=\"d7e87fd\" data-element_type=\"widget\" data-widget_type=\"udesign_widget_heading.default\">\n\t\t\t\t<div class=\"elementor-widget-container\">\n\t\t\t\t\t<div class=\"title-wrapper  title-underline title-underline2 title-left title-md-left\"><h2 class=\"title elementor-heading-title\">La Fondation Maplesoft pour les enfants<\/h2><\/div>\t\t\t\t<\/div>\n\t\t\t\t<\/div>\n\t\t\t\t<div class=\"elementor-element elementor-element-578bf2f elementor-widget elementor-widget-text-editor\" data-id=\"578bf2f\" data-element_type=\"widget\" data-widget_type=\"text-editor.default\">\n\t\t\t\t<div class=\"elementor-widget-container\">\n\t\t\t\t\t\t\t\t\t<p><span class=\"NormalTextRun SCXW236834154 BCX8\">Nous avons r\u00e9cemment lanc\u00e9 notre fondation pour les enfants, \u00e0 laquelle nous versons un dollar pour chaque jour de mandat effectu\u00e9 par\u00a0<\/span><span class=\"NormalTextRun SpellingErrorV2Themed SCXW236834154 BCX8\">un\u00b7e<\/span><span class=\"NormalTextRun SCXW236834154 BCX8\">\u00a0<\/span><span class=\"NormalTextRun SpellingErrorV2Themed SCXW236834154 BCX8\">consultant\u00b7e<\/span><span class=\"NormalTextRun SCXW236834154 BCX8\">. Ces fonds aident les enfants dans le besoin \u00e0 fr\u00e9quenter des camps d&rsquo;\u00e9t\u00e9.<\/span><\/p>\t\t\t\t\t\t\t\t<\/div>\n\t\t\t\t<\/div>\n\t\t\r\n\t\t\t<\/div>\r\n\t\t\t\t\t\t\t<\/div>\r\n\t\t\t\t\r\n\t\t\t<\/div>\r\n\t\t\t\t\t<\/div>\n\t\t","protected":false},"excerpt":{"rendered":"<p>Engagement communautaire Maplesoft\u00a0croit fermement \u00e0 la citoyennet\u00e9 d&rsquo;entreprise et \u00e0 la responsabilit\u00e9 sociale. L&rsquo;une de nos valeurs fondamentales est de redonner \u00e0 la collectivit\u00e9 qui a contribu\u00e9 \u00e0 notre succ\u00e8s. C&rsquo;est pourquoi notre personnel et nos\u00a0consultant\u00b7e\u00b7s\u00a0consacrent temps, ressources et \u00e9nergie \u00e0 l&rsquo;am\u00e9lioration des milieux o\u00f9 ils et elles vivent et o\u00f9\u00a0Maplesoft exerce ses activit\u00e9s. Nous [&hellip;]<\/p>\n","protected":false},"author":1,"featured_media":0,"parent":37149,"menu_order":0,"comment_status":"closed","ping_status":"closed","template":"elementor_header_footer","meta":{"footnotes":""},"class_list":["post-37168","page","type-page","status-publish","hentry"],"yoast_head":"<!-- This site is optimized with the Yoast SEO plugin v27.5 - https:\/\/yoast.com\/product\/yoast-seo-wordpress\/ -->\n<title>Responsabilit\u00e9 sociale et communautaire - Maplesoft Group<\/title>\n<meta name=\"robots\" content=\"index, follow, max-snippet:-1, max-image-preview:large, max-video-preview:-1\" \/>\n<link rel=\"canonical\" href=\"https:\/\/www.maplesoftgroup.com\/fr-ca\/a-propos\/responsabilite-sociale-et-communautaire\/\" \/>\n<meta property=\"og:locale\" content=\"fr_CA\" \/>\n<meta property=\"og:type\" content=\"article\" \/>\n<meta property=\"og:title\" content=\"Responsabilit\u00e9 sociale et communautaire - Maplesoft Group\" \/>\n<meta property=\"og:description\" content=\"Engagement communautaire Maplesoft\u00a0croit fermement \u00e0 la citoyennet\u00e9 d&rsquo;entreprise et \u00e0 la responsabilit\u00e9 sociale. L&rsquo;une de nos valeurs fondamentales est de redonner \u00e0 la collectivit\u00e9 qui a contribu\u00e9 \u00e0 notre succ\u00e8s. C&rsquo;est pourquoi notre personnel et nos\u00a0consultant\u00b7e\u00b7s\u00a0consacrent temps, ressources et \u00e9nergie \u00e0 l&rsquo;am\u00e9lioration des milieux o\u00f9 ils et elles vivent et o\u00f9\u00a0Maplesoft exerce ses activit\u00e9s. Nous [&hellip;]\" \/>\n<meta property=\"og:url\" content=\"https:\/\/www.maplesoftgroup.com\/fr-ca\/a-propos\/responsabilite-sociale-et-communautaire\/\" \/>\n<meta property=\"og:site_name\" content=\"Maplesoft Group\" \/>\n<meta property=\"article:modified_time\" content=\"2026-05-06T15:54:23+00:00\" \/>\n<meta property=\"og:image\" content=\"https:\/\/www.maplesoftgroup.com\/wp-content\/uploads\/2026\/03\/Comm-and-Social-banner-RFW-1024x683.jpg\" \/>\n<meta name=\"twitter:card\" content=\"summary_large_image\" \/>\n<meta name=\"twitter:label1\" content=\"Estimation du temps de lecture\" \/>\n\t<meta name=\"twitter:data1\" content=\"3 minutes\" \/>\n<script type=\"application\/ld+json\" class=\"yoast-schema-graph\">{\"@context\":\"https:\\\/\\\/schema.org\",\"@graph\":[{\"@type\":\"WebPage\",\"@id\":\"https:\\\/\\\/www.maplesoftgroup.com\\\/fr-ca\\\/a-propos\\\/responsabilite-sociale-et-communautaire\\\/\",\"url\":\"https:\\\/\\\/www.maplesoftgroup.com\\\/fr-ca\\\/a-propos\\\/responsabilite-sociale-et-communautaire\\\/\",\"name\":\"Responsabilit\u00e9 sociale et communautaire - Maplesoft Group\",\"isPartOf\":{\"@id\":\"https:\\\/\\\/www.maplesoftgroup.com\\\/#website\"},\"primaryImageOfPage\":{\"@id\":\"https:\\\/\\\/www.maplesoftgroup.com\\\/fr-ca\\\/a-propos\\\/responsabilite-sociale-et-communautaire\\\/#primaryimage\"},\"image\":{\"@id\":\"https:\\\/\\\/www.maplesoftgroup.com\\\/fr-ca\\\/a-propos\\\/responsabilite-sociale-et-communautaire\\\/#primaryimage\"},\"thumbnailUrl\":\"https:\\\/\\\/www.maplesoftgroup.com\\\/wp-content\\\/uploads\\\/2026\\\/03\\\/Comm-and-Social-banner-RFW-1024x683.jpg\",\"datePublished\":\"2026-03-23T15:46:58+00:00\",\"dateModified\":\"2026-05-06T15:54:23+00:00\",\"breadcrumb\":{\"@id\":\"https:\\\/\\\/www.maplesoftgroup.com\\\/fr-ca\\\/a-propos\\\/responsabilite-sociale-et-communautaire\\\/#breadcrumb\"},\"inLanguage\":\"fr-CA\",\"potentialAction\":[{\"@type\":\"ReadAction\",\"target\":[\"https:\\\/\\\/www.maplesoftgroup.com\\\/fr-ca\\\/a-propos\\\/responsabilite-sociale-et-communautaire\\\/\"]}]},{\"@type\":\"ImageObject\",\"inLanguage\":\"fr-CA\",\"@id\":\"https:\\\/\\\/www.maplesoftgroup.com\\\/fr-ca\\\/a-propos\\\/responsabilite-sociale-et-communautaire\\\/#primaryimage\",\"url\":\"https:\\\/\\\/www.maplesoftgroup.com\\\/wp-content\\\/uploads\\\/2026\\\/03\\\/Comm-and-Social-banner-RFW-1024x683.jpg\",\"contentUrl\":\"https:\\\/\\\/www.maplesoftgroup.com\\\/wp-content\\\/uploads\\\/2026\\\/03\\\/Comm-and-Social-banner-RFW-1024x683.jpg\"},{\"@type\":\"BreadcrumbList\",\"@id\":\"https:\\\/\\\/www.maplesoftgroup.com\\\/fr-ca\\\/a-propos\\\/responsabilite-sociale-et-communautaire\\\/#breadcrumb\",\"itemListElement\":[{\"@type\":\"ListItem\",\"position\":1,\"name\":\"Home\",\"item\":\"https:\\\/\\\/www.maplesoftgroup.com\\\/fr-ca\\\/\"},{\"@type\":\"ListItem\",\"position\":2,\"name\":\"\u00c0 propos\",\"item\":\"https:\\\/\\\/www.maplesoftgroup.com\\\/fr-ca\\\/a-propos\\\/\"},{\"@type\":\"ListItem\",\"position\":3,\"name\":\"Responsabilit\u00e9 sociale et communautaire\"}]},{\"@type\":\"WebSite\",\"@id\":\"https:\\\/\\\/www.maplesoftgroup.com\\\/#website\",\"url\":\"https:\\\/\\\/www.maplesoftgroup.com\\\/\",\"name\":\"QLogitek\",\"description\":\"\",\"publisher\":{\"@id\":\"https:\\\/\\\/www.maplesoftgroup.com\\\/#organization\"},\"potentialAction\":[{\"@type\":\"SearchAction\",\"target\":{\"@type\":\"EntryPoint\",\"urlTemplate\":\"https:\\\/\\\/www.maplesoftgroup.com\\\/?s={search_term_string}\"},\"query-input\":{\"@type\":\"PropertyValueSpecification\",\"valueRequired\":true,\"valueName\":\"search_term_string\"}}],\"inLanguage\":\"fr-CA\"},{\"@type\":\"Organization\",\"@id\":\"https:\\\/\\\/www.maplesoftgroup.com\\\/#organization\",\"name\":\"QLogitek\",\"url\":\"https:\\\/\\\/www.maplesoftgroup.com\\\/\",\"logo\":{\"@type\":\"ImageObject\",\"inLanguage\":\"fr-CA\",\"@id\":\"https:\\\/\\\/www.maplesoftgroup.com\\\/#\\\/schema\\\/logo\\\/image\\\/\",\"url\":\"https:\\\/\\\/www.maplesoftgroup.com\\\/wp-content\\\/uploads\\\/2025\\\/11\\\/QLogitek-New-Logo.png\",\"contentUrl\":\"https:\\\/\\\/www.maplesoftgroup.com\\\/wp-content\\\/uploads\\\/2025\\\/11\\\/QLogitek-New-Logo.png\",\"width\":1,\"height\":1,\"caption\":\"QLogitek\"},\"image\":{\"@id\":\"https:\\\/\\\/www.maplesoftgroup.com\\\/#\\\/schema\\\/logo\\\/image\\\/\"},\"sameAs\":[\"https:\\\/\\\/www.linkedin.com\\\/company\\\/qlogitek\\\/\"]}]}<\/script>\n<!-- \/ Yoast SEO plugin. -->","yoast_head_json":{"title":"Responsabilit\u00e9 sociale et communautaire - Maplesoft Group","robots":{"index":"index","follow":"follow","max-snippet":"max-snippet:-1","max-image-preview":"max-image-preview:large","max-video-preview":"max-video-preview:-1"},"canonical":"https:\/\/www.maplesoftgroup.com\/fr-ca\/a-propos\/responsabilite-sociale-et-communautaire\/","og_locale":"fr_CA","og_type":"article","og_title":"Responsabilit\u00e9 sociale et communautaire - Maplesoft Group","og_description":"Engagement communautaire Maplesoft\u00a0croit fermement \u00e0 la citoyennet\u00e9 d&rsquo;entreprise et \u00e0 la responsabilit\u00e9 sociale. L&rsquo;une de nos valeurs fondamentales est de redonner \u00e0 la collectivit\u00e9 qui a contribu\u00e9 \u00e0 notre succ\u00e8s. C&rsquo;est pourquoi notre personnel et nos\u00a0consultant\u00b7e\u00b7s\u00a0consacrent temps, ressources et \u00e9nergie \u00e0 l&rsquo;am\u00e9lioration des milieux o\u00f9 ils et elles vivent et o\u00f9\u00a0Maplesoft exerce ses activit\u00e9s. Nous [&hellip;]","og_url":"https:\/\/www.maplesoftgroup.com\/fr-ca\/a-propos\/responsabilite-sociale-et-communautaire\/","og_site_name":"Maplesoft Group","article_modified_time":"2026-05-06T15:54:23+00:00","og_image":[{"url":"https:\/\/www.maplesoftgroup.com\/wp-content\/uploads\/2026\/03\/Comm-and-Social-banner-RFW-1024x683.jpg","type":"","width":"","height":""}],"twitter_card":"summary_large_image","twitter_misc":{"Estimation du temps de lecture":"3 minutes"},"schema":{"@context":"https:\/\/schema.org","@graph":[{"@type":"WebPage","@id":"https:\/\/www.maplesoftgroup.com\/fr-ca\/a-propos\/responsabilite-sociale-et-communautaire\/","url":"https:\/\/www.maplesoftgroup.com\/fr-ca\/a-propos\/responsabilite-sociale-et-communautaire\/","name":"Responsabilit\u00e9 sociale et communautaire - Maplesoft Group","isPartOf":{"@id":"https:\/\/www.maplesoftgroup.com\/#website"},"primaryImageOfPage":{"@id":"https:\/\/www.maplesoftgroup.com\/fr-ca\/a-propos\/responsabilite-sociale-et-communautaire\/#primaryimage"},"image":{"@id":"https:\/\/www.maplesoftgroup.com\/fr-ca\/a-propos\/responsabilite-sociale-et-communautaire\/#primaryimage"},"thumbnailUrl":"https:\/\/www.maplesoftgroup.com\/wp-content\/uploads\/2026\/03\/Comm-and-Social-banner-RFW-1024x683.jpg","datePublished":"2026-03-23T15:46:58+00:00","dateModified":"2026-05-06T15:54:23+00:00","breadcrumb":{"@id":"https:\/\/www.maplesoftgroup.com\/fr-ca\/a-propos\/responsabilite-sociale-et-communautaire\/#breadcrumb"},"inLanguage":"fr-CA","potentialAction":[{"@type":"ReadAction","target":["https:\/\/www.maplesoftgroup.com\/fr-ca\/a-propos\/responsabilite-sociale-et-communautaire\/"]}]},{"@type":"ImageObject","inLanguage":"fr-CA","@id":"https:\/\/www.maplesoftgroup.com\/fr-ca\/a-propos\/responsabilite-sociale-et-communautaire\/#primaryimage","url":"https:\/\/www.maplesoftgroup.com\/wp-content\/uploads\/2026\/03\/Comm-and-Social-banner-RFW-1024x683.jpg","contentUrl":"https:\/\/www.maplesoftgroup.com\/wp-content\/uploads\/2026\/03\/Comm-and-Social-banner-RFW-1024x683.jpg"},{"@type":"BreadcrumbList","@id":"https:\/\/www.maplesoftgroup.com\/fr-ca\/a-propos\/responsabilite-sociale-et-communautaire\/#breadcrumb","itemListElement":[{"@type":"ListItem","position":1,"name":"Home","item":"https:\/\/www.maplesoftgroup.com\/fr-ca\/"},{"@type":"ListItem","position":2,"name":"\u00c0 propos","item":"https:\/\/www.maplesoftgroup.com\/fr-ca\/a-propos\/"},{"@type":"ListItem","position":3,"name":"Responsabilit\u00e9 sociale et communautaire"}]},{"@type":"WebSite","@id":"https:\/\/www.maplesoftgroup.com\/#website","url":"https:\/\/www.maplesoftgroup.com\/","name":"QLogitek","description":"","publisher":{"@id":"https:\/\/www.maplesoftgroup.com\/#organization"},"potentialAction":[{"@type":"SearchAction","target":{"@type":"EntryPoint","urlTemplate":"https:\/\/www.maplesoftgroup.com\/?s={search_term_string}"},"query-input":{"@type":"PropertyValueSpecification","valueRequired":true,"valueName":"search_term_string"}}],"inLanguage":"fr-CA"},{"@type":"Organization","@id":"https:\/\/www.maplesoftgroup.com\/#organization","name":"QLogitek","url":"https:\/\/www.maplesoftgroup.com\/","logo":{"@type":"ImageObject","inLanguage":"fr-CA","@id":"https:\/\/www.maplesoftgroup.com\/#\/schema\/logo\/image\/","url":"https:\/\/www.maplesoftgroup.com\/wp-content\/uploads\/2025\/11\/QLogitek-New-Logo.png","contentUrl":"https:\/\/www.maplesoftgroup.com\/wp-content\/uploads\/2025\/11\/QLogitek-New-Logo.png","width":1,"height":1,"caption":"QLogitek"},"image":{"@id":"https:\/\/www.maplesoftgroup.com\/#\/schema\/logo\/image\/"},"sameAs":["https:\/\/www.linkedin.com\/company\/qlogitek\/"]}]}},"jetpack_sharing_enabled":true,"_links":{"self":[{"href":"https:\/\/www.maplesoftgroup.com\/fr-ca\/wp-json\/wp\/v2\/pages\/37168","targetHints":{"allow":["GET"]}}],"collection":[{"href":"https:\/\/www.maplesoftgroup.com\/fr-ca\/wp-json\/wp\/v2\/pages"}],"about":[{"href":"https:\/\/www.maplesoftgroup.com\/fr-ca\/wp-json\/wp\/v2\/types\/page"}],"author":[{"embeddable":true,"href":"https:\/\/www.maplesoftgroup.com\/fr-ca\/wp-json\/wp\/v2\/users\/1"}],"replies":[{"embeddable":true,"href":"https:\/\/www.maplesoftgroup.com\/fr-ca\/wp-json\/wp\/v2\/comments?post=37168"}],"version-history":[{"count":6,"href":"https:\/\/www.maplesoftgroup.com\/fr-ca\/wp-json\/wp\/v2\/pages\/37168\/revisions"}],"predecessor-version":[{"id":37235,"href":"https:\/\/www.maplesoftgroup.com\/fr-ca\/wp-json\/wp\/v2\/pages\/37168\/revisions\/37235"}],"up":[{"embeddable":true,"href":"https:\/\/www.maplesoftgroup.com\/fr-ca\/wp-json\/wp\/v2\/pages\/37149"}],"wp:attachment":[{"href":"https:\/\/www.maplesoftgroup.com\/fr-ca\/wp-json\/wp\/v2\/media?parent=37168"}],"curies":[{"name":"wp","href":"https:\/\/api.w.org\/{rel}","templated":true}]}}