{"id":37173,"date":"2026-03-23T14:26:36","date_gmt":"2026-03-23T14:26:36","guid":{"rendered":"https:\/\/www.maplesoftgroup.com\/a-propos-2\/net-zero-challenge\/"},"modified":"2026-05-06T15:59:43","modified_gmt":"2026-05-06T15:59:43","slug":"le-defi-net-zero","status":"publish","type":"page","link":"https:\/\/www.maplesoftgroup.com\/fr-ca\/a-propos\/le-defi-net-zero\/","title":{"rendered":"Le D\u00e9fi net z\u00e9ro"},"content":{"rendered":"\t\t<div data-elementor-type=\"wp-page\" data-elementor-id=\"37173\" class=\"elementor elementor-37173 elementor-36403\" data-elementor-post-type=\"page\">\n\t\t\t\t\t\t\t<div class=\" elementor-element elementor-element-9013111 e-flex e-con-boxed e-con e-parent\" data-id=\"9013111\" data-element_type=\"container\">\r\n\t\t\t\t\t\t\t<div class=\"e-con-inner\">\r\n\t\t\t\t\t\t\t<div class=\" elementor-element elementor-element-7987ae6 e-con-full e-flex e-con e-child\" data-id=\"7987ae6\" data-element_type=\"container\">\r\n\t\t\t\t\t<div class=\"elementor-element elementor-element-fd5d7ce elementor-widget elementor-widget-udesign_widget_heading\" data-id=\"fd5d7ce\" data-element_type=\"widget\" data-widget_type=\"udesign_widget_heading.default\">\n\t\t\t\t<div class=\"elementor-widget-container\">\n\t\t\t\t\t<div class=\"title-wrapper  title-underline title-underline2 title-left title-md-left\"><h2 class=\"title elementor-heading-title\">Le D\u00e9fi net z\u00e9ro<\/h2><\/div>\t\t\t\t<\/div>\n\t\t\t\t<\/div>\n\t\t\t\t<div class=\"elementor-element elementor-element-02f3265 elementor-widget elementor-widget-text-editor\" data-id=\"02f3265\" data-element_type=\"widget\" data-widget_type=\"text-editor.default\">\n\t\t\t\t<div class=\"elementor-widget-container\">\n\t\t\t\t\t\t\t\t\t<p><span class=\"NormalTextRun SCXW91021896 BCX8\">Conform\u00e9ment aux cibles climatiques nationales du Canada,\u00a0<\/span><span class=\"NormalTextRun SpellingErrorV2Themed SCXW91021896 BCX8\">Maplesoft<\/span><span class=\"NormalTextRun SCXW91021896 BCX8\">\u00a0Consulting Inc. a le plaisir d&rsquo;annoncer sa participation au D\u00e9fi net z\u00e9ro (DNZ) d\u2019Environnement et Changement climatique Canada, avec l&rsquo;objectif d&rsquo;\u00e9liminer 100 % de ses \u00e9missions de carbone d&rsquo;ici l&rsquo;an 2050. Dans le cadre de ce d\u00e9fi,\u00a0<\/span><span class=\"NormalTextRun SpellingErrorV2Themed SCXW91021896 BCX8\">Maplesoft<\/span><span class=\"NormalTextRun SCXW91021896 BCX8\">\u00a0pr\u00e9voit de r\u00e9duire, puis d&rsquo;\u00e9liminer totalement, l&rsquo;ensemble de ses \u00e9missions de carbone de port\u00e9e 1 et de port\u00e9e 2 d&rsquo;ici 2050.<\/span><\/p>\t\t\t\t\t\t\t\t<\/div>\n\t\t\t\t<\/div>\n\t\t\r\n\t\t\t<\/div>\r\n\t\t\t\t\t\t<div class=\" elementor-element elementor-element-0e743bf mb-5 mb-lg-0 e-con-full e-flex elementor-invisible e-con e-child\" data-id=\"0e743bf\" data-element_type=\"container\" data-settings=\"{&quot;animation&quot;:&quot;fadeInLeftShorter&quot;}\">\r\n\t\t\t\t\t<div class=\"elementor-element elementor-element-a7a1e94 cs_39-img-shadow shadow1 cs_39-shadow-none elementor-widget-tablet__width-initial elementor-widget-laptop__width-initial elementor-widget elementor-widget-image\" data-id=\"a7a1e94\" data-element_type=\"widget\" data-widget_type=\"image.default\">\n\t\t\t\t<div class=\"elementor-widget-container\">\n\t\t\t\t\t\t\t\t\t\t\t\t\t\t\t<img fetchpriority=\"high\" decoding=\"async\" width=\"949\" height=\"537\" src=\"https:\/\/www.maplesoftgroup.com\/wp-content\/uploads\/2026\/03\/NetZeroChallenge.jpg\" class=\"attachment-large size-large wp-image-37133\" alt=\"\" srcset=\"https:\/\/www.maplesoftgroup.com\/wp-content\/uploads\/2026\/03\/NetZeroChallenge.jpg 949w, https:\/\/www.maplesoftgroup.com\/wp-content\/uploads\/2026\/03\/NetZeroChallenge-768x435.jpg 768w, https:\/\/www.maplesoftgroup.com\/wp-content\/uploads\/2026\/03\/NetZeroChallenge-780x440.jpg 780w, https:\/\/www.maplesoftgroup.com\/wp-content\/uploads\/2026\/03\/NetZeroChallenge-390x220.jpg 390w\" sizes=\"(max-width: 949px) 100vw, 949px\" \/>\t\t\t\t\t\t\t\t\t\t\t\t\t\t\t<\/div>\n\t\t\t\t<\/div>\n\t\t\r\n\t\t\t<\/div>\r\n\t\t\t\t\t\t\t<\/div>\r\n\t\t\t\t\r\n\t\t\t<\/div>\r\n\t\t\t\t\t\t<div class=\" elementor-element elementor-element-8aae35f e-flex e-con-boxed e-con e-parent\" data-id=\"8aae35f\" data-element_type=\"container\" data-settings=\"{&quot;background_background&quot;:&quot;classic&quot;}\">\r\n\t\t\t\t\t\t\t<div class=\"e-con-inner\">\r\n\t\t\t\t\t\t\t<div class=\" elementor-element elementor-element-675e441 e-con-full e-flex e-con e-child\" data-id=\"675e441\" data-element_type=\"container\">\r\n\t\t\t\t\t<div class=\"elementor-element elementor-element-b37e46f elementor-widget elementor-widget-text-editor\" data-id=\"b37e46f\" data-element_type=\"widget\" data-widget_type=\"text-editor.default\">\n\t\t\t\t<div class=\"elementor-widget-container\">\n\t\t\t\t\t\t\t\t\t<p><span class=\"NormalTextRun SCXW25108726 BCX8\">Reconnaissant l&rsquo;urgence de lutter contre les changements climatiques et leurs r\u00e9percussions profondes \u00e0 l&rsquo;\u00e9chelle locale et mondiale,\u00a0<\/span><span class=\"NormalTextRun SpellingErrorV2Themed SCXW25108726 BCX8\">Maplesoft<\/span><span class=\"NormalTextRun SCXW25108726 BCX8\">\u00a0prend des mesures proactives pour r\u00e9duire de mani\u00e8re significative et, \u00e0 terme, \u00e9liminer son empreinte carbone d&rsquo;ici 2050. Cet engagement s&rsquo;aligne sur les principes directeurs de notre organisation en mati\u00e8re de durabilit\u00e9 environnementale et d&rsquo;intendance. En adoptant cet objectif et en participant au DNZ aux c\u00f4t\u00e9s du gouvernement canadien et d&rsquo;autres entreprises participantes, nous nous joignons aux efforts mondiaux de lutte contre les changements climatiques afin de paver la voie vers un avenir plus durable.<\/span><\/p>\t\t\t\t\t\t\t\t<\/div>\n\t\t\t\t<\/div>\n\t\t\r\n\t\t\t<\/div>\r\n\t\t\t\t\t\t\t<\/div>\r\n\t\t\t\t\r\n\t\t\t<\/div>\r\n\t\t\t\t\t\t<div class=\" elementor-element elementor-element-6e3d215 e-flex e-con-boxed e-con e-parent\" data-id=\"6e3d215\" data-element_type=\"container\" data-settings=\"{&quot;background_background&quot;:&quot;classic&quot;}\">\r\n\t\t\t\t\t\t\t<div class=\"e-con-inner\">\r\n\t\t\t\t\t\t\t<div class=\" elementor-element elementor-element-b6ff181 mb-5 mb-lg-0 e-con-full e-flex elementor-invisible e-con e-child\" data-id=\"b6ff181\" data-element_type=\"container\" data-settings=\"{&quot;animation&quot;:&quot;fadeInLeftShorter&quot;}\">\r\n\t\t\t\t\t<div class=\"elementor-element elementor-element-030ecfb cs_39-img-shadow shadow1 cs_39-shadow-none elementor-widget-tablet__width-initial elementor-widget-laptop__width-initial elementor-widget elementor-widget-image\" data-id=\"030ecfb\" data-element_type=\"widget\" data-widget_type=\"image.default\">\n\t\t\t\t<div class=\"elementor-widget-container\">\n\t\t\t\t\t\t\t\t\t\t\t\t\t\t\t<img decoding=\"async\" width=\"871\" height=\"1024\" src=\"https:\/\/www.maplesoftgroup.com\/wp-content\/uploads\/2026\/03\/Net-Zero-Challenge-Participant_Signature_Vertical_EN-871x1024.png\" class=\"attachment-large size-large wp-image-37172\" alt=\"\" srcset=\"https:\/\/www.maplesoftgroup.com\/wp-content\/uploads\/2026\/03\/Net-Zero-Challenge-Participant_Signature_Vertical_EN-871x1024.png 871w, https:\/\/www.maplesoftgroup.com\/wp-content\/uploads\/2026\/03\/Net-Zero-Challenge-Participant_Signature_Vertical_EN-768x902.png 768w\" sizes=\"(max-width: 871px) 100vw, 871px\" \/>\t\t\t\t\t\t\t\t\t\t\t\t\t\t\t<\/div>\n\t\t\t\t<\/div>\n\t\t\r\n\t\t\t<\/div>\r\n\t\t\t\t\t\t<div class=\" elementor-element elementor-element-f739ef7 e-con-full e-flex e-con e-child\" data-id=\"f739ef7\" data-element_type=\"container\">\r\n\t\t\t\t\t<div class=\"elementor-element elementor-element-391a288 elementor-widget-tablet__width-initial elementor-widget__width-inherit elementor-widget-laptop__width-inherit elementor-widget-tablet_extra__width-inherit elementor-icon-list--layout-traditional elementor-list-item-link-full_width elementor-widget elementor-widget-icon-list\" data-id=\"391a288\" data-element_type=\"widget\" data-widget_type=\"icon-list.default\">\n\t\t\t\t<div class=\"elementor-widget-container\">\n\t\t\t\t\t\t\t<ul class=\"elementor-icon-list-items\">\n\t\t\t\t\t\t\t<li class=\"elementor-icon-list-item\">\n\t\t\t\t\t\t\t\t\t\t\t<span class=\"elementor-icon-list-icon\">\n\t\t\t\t\t\t\t<svg aria-hidden=\"true\" class=\"e-font-icon-svg e-fas-check\" viewBox=\"0 0 512 512\" xmlns=\"http:\/\/www.w3.org\/2000\/svg\"><path d=\"M173.898 439.404l-166.4-166.4c-9.997-9.997-9.997-26.206 0-36.204l36.203-36.204c9.997-9.998 26.207-9.998 36.204 0L192 312.69 432.095 72.596c9.997-9.997 26.207-9.997 36.204 0l36.203 36.204c9.997 9.997 9.997 26.206 0 36.204l-294.4 294.401c-9.998 9.997-26.207 9.997-36.204-.001z\"><\/path><\/svg>\t\t\t\t\t\t<\/span>\n\t\t\t\t\t\t\t\t\t\t<span class=\"elementor-icon-list-text\"><b>R\u00e9duction des \u00e9missions<\/b> : \u202fMaplesoft priorisera les efforts visant \u00e0 r\u00e9duire ses \u00e9missions de gaz \u00e0 effet de serre (GES) dans l'ensemble de ses activit\u00e9s. Des recherches seront men\u00e9es pour cerner les occasions de r\u00e9duction conform\u00e9ment \u00e0 notre cible de 2050.<\/span>\n\t\t\t\t\t\t\t\t\t<\/li>\n\t\t\t\t\t\t\t\t<li class=\"elementor-icon-list-item\">\n\t\t\t\t\t\t\t\t\t\t\t<span class=\"elementor-icon-list-icon\">\n\t\t\t\t\t\t\t<svg aria-hidden=\"true\" class=\"e-font-icon-svg e-fas-check\" viewBox=\"0 0 512 512\" xmlns=\"http:\/\/www.w3.org\/2000\/svg\"><path d=\"M173.898 439.404l-166.4-166.4c-9.997-9.997-9.997-26.206 0-36.204l36.203-36.204c9.997-9.998 26.207-9.998 36.204 0L192 312.69 432.095 72.596c9.997-9.997 26.207-9.997 36.204 0l36.203 36.204c9.997 9.997 9.997 26.206 0 36.204l-294.4 294.401c-9.998 9.997-26.207 9.997-36.204-.001z\"><\/path><\/svg>\t\t\t\t\t\t<\/span>\n\t\t\t\t\t\t\t\t\t\t<span class=\"elementor-icon-list-text\"><b>Collaboration et innovation<\/b> : Nous reconnaissons que l'atteinte de la neutralit\u00e9 carbone exige collaboration et innovation. Nous rechercherons activement des partenariats avec des organisations partageant la m\u00eame vision, \u00e9changerons des meilleures pratiques et explorerons de nouvelles solutions pour soutenir l'\u00e9limination des \u00e9missions de carbone d'ici 2050.<\/span>\n\t\t\t\t\t\t\t\t\t<\/li>\n\t\t\t\t\t\t\t\t<li class=\"elementor-icon-list-item\">\n\t\t\t\t\t\t\t\t\t\t\t<span class=\"elementor-icon-list-icon\">\n\t\t\t\t\t\t\t<svg aria-hidden=\"true\" class=\"e-font-icon-svg e-fas-check\" viewBox=\"0 0 512 512\" xmlns=\"http:\/\/www.w3.org\/2000\/svg\"><path d=\"M173.898 439.404l-166.4-166.4c-9.997-9.997-9.997-26.206 0-36.204l36.203-36.204c9.997-9.998 26.207-9.998 36.204 0L192 312.69 432.095 72.596c9.997-9.997 26.207-9.997 36.204 0l36.203 36.204c9.997 9.997 9.997 26.206 0 36.204l-294.4 294.401c-9.998 9.997-26.207 9.997-36.204-.001z\"><\/path><\/svg>\t\t\t\t\t\t<\/span>\n\t\t\t\t\t\t\t\t\t\t<span class=\"elementor-icon-list-text\"><b>Transparence des rapports et reddition de comptes<\/b> : \u202fNous nous engageons \u00e0 faire preuve de transparence et de responsabilit\u00e9 tout au long de notre parcours vers le net z\u00e9ro. Nous assurerons un suivi r\u00e9gulier et ferons rapport de nos progr\u00e8s, en partageant ouvertement l'\u00e9tat d'avancement de nos objectifs et les le\u00e7ons apprises.<\/span>\n\t\t\t\t\t\t\t\t\t<\/li>\n\t\t\t\t\t\t<\/ul>\n\t\t\t\t\t\t<\/div>\n\t\t\t\t<\/div>\n\t\t\r\n\t\t\t<\/div>\r\n\t\t\t\t\t\t\t<\/div>\r\n\t\t\t\t\r\n\t\t\t<\/div>\r\n\t\t\t\t\t\t<div class=\" elementor-element elementor-element-11b7475 e-flex e-con-boxed e-con e-parent\" data-id=\"11b7475\" data-element_type=\"container\" data-settings=\"{&quot;background_background&quot;:&quot;classic&quot;}\">\r\n\t\t\t\t\t\t\t<div class=\"e-con-inner\">\r\n\t\t\t\t\t\t\t<div class=\" elementor-element elementor-element-5f9d3a6 e-con-full e-flex e-con e-child\" data-id=\"5f9d3a6\" data-element_type=\"container\">\r\n\t\t\t\t\t<div class=\"elementor-element elementor-element-8ec6827 elementor-widget elementor-widget-text-editor\" data-id=\"8ec6827\" data-element_type=\"widget\" data-widget_type=\"text-editor.default\">\n\t\t\t\t<div class=\"elementor-widget-container\">\n\t\t\t\t\t\t\t\t\t<p><span class=\"NormalTextRun SpellingErrorV2Themed SCXW579608 BCX8\">Maplesoft<\/span><span class=\"NormalTextRun SCXW579608 BCX8\">\u00a0reste d\u00e9termin\u00e9e \u00e0 atteindre la neutralit\u00e9 carbone d&rsquo;ici 2050, conform\u00e9ment aux objectifs climatiques nationaux du Canada. L&rsquo;an dernier, nous avons annonc\u00e9 notre intention de participer au D\u00e9fi carbone du gouvernement du Canada (DCN) afin de contribuer \u00e0 l&rsquo;engagement du Canada en mati\u00e8re de carboneutralit\u00e9. Aujourd\u2019hui, nous sommes heureux de franchir une nouvelle \u00e9tape dans ce d\u00e9fi en annon\u00e7ant notre objectif interm\u00e9diaire de r\u00e9duction des \u00e9missions, ainsi que les mesures que\u00a0<\/span><span class=\"NormalTextRun SpellingErrorV2Themed SCXW579608 BCX8\">Maplesoft<\/span><span class=\"NormalTextRun SCXW579608 BCX8\">\u00a0mettra en \u0153uvre pour l\u2019atteindre.<\/span><\/p>\t\t\t\t\t\t\t\t<\/div>\n\t\t\t\t<\/div>\n\t\t\t\t<div class=\"elementor-element elementor-element-c76a779 elementor-widget elementor-widget-text-editor\" data-id=\"c76a779\" data-element_type=\"widget\" data-widget_type=\"text-editor.default\">\n\t\t\t\t<div class=\"elementor-widget-container\">\n\t\t\t\t\t\t\t\t\t<p><strong><span class=\"NormalTextRun SpellingErrorV2Themed SCXW167456960 BCX8\">Maplesoft<\/span><\/strong><span class=\"NormalTextRun SCXW167456960 BCX8\"><strong>\u00a0s&rsquo;engage \u00e0 r\u00e9duire ses \u00e9missions totales de 44 % d&rsquo;ici l&rsquo;an 2035<\/strong>. Il s&rsquo;agit d&rsquo;une cible globale qui englobe toutes les \u00e9missions pertinentes de port\u00e9e 1 et de port\u00e9e 2. Notre cible a \u00e9t\u00e9 \u00e9tablie selon les param\u00e8tres des seuils d&rsquo;ambition du DNZ (tels que d\u00e9finis par Environnement et Changement climatique Canada) et repr\u00e9sente une trajectoire lin\u00e9aire menant \u00e0 la neutralit\u00e9 carbone d&rsquo;ici l&rsquo;an 2050.<\/span><\/p>\t\t\t\t\t\t\t\t<\/div>\n\t\t\t\t<\/div>\n\t\t\r\n\t\t\t<\/div>\r\n\t\t\t\t\t\t\t<\/div>\r\n\t\t\t\t\r\n\t\t\t<\/div>\r\n\t\t\t\t\t\t<div class=\" elementor-element elementor-element-54dedb0 e-flex e-con-boxed e-con e-parent\" data-id=\"54dedb0\" data-element_type=\"container\" data-settings=\"{&quot;background_background&quot;:&quot;classic&quot;}\">\r\n\t\t\t\t\t\t\t<div class=\"e-con-inner\">\r\n\t\t\t\t\t\t<div class=\"elementor-element elementor-element-ea12552 animated-fast elementor-widget elementor-widget-heading\" data-id=\"ea12552\" data-element_type=\"widget\" data-settings=\"{&quot;_animation&quot;:&quot;none&quot;,&quot;_animation_delay&quot;:800}\" data-widget_type=\"heading.default\">\n\t\t\t\t<div class=\"elementor-widget-container\">\n\t\t\t\t\t<p class=\"elementor-heading-title elementor-size-default\">Cet engagement envers la carboneutralit\u00e9 d'ici 2050 repr\u00e9sente un jalon important dans le parcours de durabilit\u00e9 de Maplesoft. Il souligne notre d\u00e9vouement ind\u00e9fectible envers une intendance environnementale responsable et donne un exemple positif \u00e0 nos pairs, \u00e0 nos partenaires et \u00e0 l'ensemble de la communaut\u00e9.<\/p>\t\t\t\t<\/div>\n\t\t\t\t<\/div>\n\t\t\t\t<div class=\"elementor-element elementor-element-fdc00b6 elementor-widget elementor-widget-udesign_widget_button\" data-id=\"fdc00b6\" data-element_type=\"widget\" data-widget_type=\"udesign_widget_button.default\">\n\t\t\t\t<div class=\"elementor-widget-container\">\n\t\t\t\t\t<a class=\"btn btn-link btn-md btn-primary btn-icon btn-icon-right\" href=\"https:\/\/www.maplesoftgroup.com\/wp-content\/uploads\/2026\/04\/Emissions-Inventory-2025-v4.pdf\" target=\"_blank\" ><span >Consulter le rapport sur les \u00e9missions<\/span><i class=\"a-icon-long-arrow-right\"><\/i><\/a>\t\t\t\t<\/div>\n\t\t\t\t<\/div>\n\t\t\t\t\t\t<\/div>\r\n\t\t\t\t\r\n\t\t\t<\/div>\r\n\t\t\t\t\t<\/div>\n\t\t","protected":false},"excerpt":{"rendered":"<p>Le D\u00e9fi net z\u00e9ro Conform\u00e9ment aux cibles climatiques nationales du Canada,\u00a0Maplesoft\u00a0Consulting Inc. a le plaisir d&rsquo;annoncer sa participation au D\u00e9fi net z\u00e9ro (DNZ) d\u2019Environnement et Changement climatique Canada, avec l&rsquo;objectif d&rsquo;\u00e9liminer 100 % de ses \u00e9missions de carbone d&rsquo;ici l&rsquo;an 2050. Dans le cadre de ce d\u00e9fi,\u00a0Maplesoft\u00a0pr\u00e9voit de r\u00e9duire, puis d&rsquo;\u00e9liminer totalement, l&rsquo;ensemble de ses [&hellip;]<\/p>\n","protected":false},"author":1,"featured_media":0,"parent":37149,"menu_order":0,"comment_status":"closed","ping_status":"closed","template":"elementor_header_footer","meta":{"footnotes":""},"class_list":["post-37173","page","type-page","status-publish","hentry"],"yoast_head":"<!-- This site is optimized with the Yoast SEO plugin v27.5 - https:\/\/yoast.com\/product\/yoast-seo-wordpress\/ -->\n<title>Le D\u00e9fi net z\u00e9ro - Maplesoft Group<\/title>\n<meta name=\"robots\" content=\"index, follow, max-snippet:-1, max-image-preview:large, max-video-preview:-1\" \/>\n<link rel=\"canonical\" href=\"https:\/\/www.maplesoftgroup.com\/fr-ca\/a-propos\/le-defi-net-zero\/\" \/>\n<meta property=\"og:locale\" content=\"fr_CA\" \/>\n<meta property=\"og:type\" content=\"article\" \/>\n<meta property=\"og:title\" content=\"Le D\u00e9fi net z\u00e9ro - Maplesoft Group\" \/>\n<meta property=\"og:description\" content=\"Le D\u00e9fi net z\u00e9ro Conform\u00e9ment aux cibles climatiques nationales du Canada,\u00a0Maplesoft\u00a0Consulting Inc. a le plaisir d&rsquo;annoncer sa participation au D\u00e9fi net z\u00e9ro (DNZ) d\u2019Environnement et Changement climatique Canada, avec l&rsquo;objectif d&rsquo;\u00e9liminer 100 % de ses \u00e9missions de carbone d&rsquo;ici l&rsquo;an 2050. Dans le cadre de ce d\u00e9fi,\u00a0Maplesoft\u00a0pr\u00e9voit de r\u00e9duire, puis d&rsquo;\u00e9liminer totalement, l&rsquo;ensemble de ses [&hellip;]\" \/>\n<meta property=\"og:url\" content=\"https:\/\/www.maplesoftgroup.com\/fr-ca\/a-propos\/le-defi-net-zero\/\" \/>\n<meta property=\"og:site_name\" content=\"Maplesoft Group\" \/>\n<meta property=\"article:modified_time\" content=\"2026-05-06T15:59:43+00:00\" \/>\n<meta property=\"og:image\" content=\"https:\/\/www.maplesoftgroup.com\/wp-content\/uploads\/2026\/03\/NetZeroChallenge.jpg\" \/>\n<meta name=\"twitter:card\" content=\"summary_large_image\" \/>\n<meta name=\"twitter:label1\" content=\"Estimation du temps de lecture\" \/>\n\t<meta name=\"twitter:data1\" content=\"3 minutes\" \/>\n<script type=\"application\/ld+json\" class=\"yoast-schema-graph\">{\"@context\":\"https:\\\/\\\/schema.org\",\"@graph\":[{\"@type\":\"WebPage\",\"@id\":\"https:\\\/\\\/www.maplesoftgroup.com\\\/fr-ca\\\/a-propos\\\/le-defi-net-zero\\\/\",\"url\":\"https:\\\/\\\/www.maplesoftgroup.com\\\/fr-ca\\\/a-propos\\\/le-defi-net-zero\\\/\",\"name\":\"Le D\u00e9fi net z\u00e9ro - Maplesoft Group\",\"isPartOf\":{\"@id\":\"https:\\\/\\\/www.maplesoftgroup.com\\\/#website\"},\"primaryImageOfPage\":{\"@id\":\"https:\\\/\\\/www.maplesoftgroup.com\\\/fr-ca\\\/a-propos\\\/le-defi-net-zero\\\/#primaryimage\"},\"image\":{\"@id\":\"https:\\\/\\\/www.maplesoftgroup.com\\\/fr-ca\\\/a-propos\\\/le-defi-net-zero\\\/#primaryimage\"},\"thumbnailUrl\":\"https:\\\/\\\/www.maplesoftgroup.com\\\/wp-content\\\/uploads\\\/2026\\\/03\\\/NetZeroChallenge.jpg\",\"datePublished\":\"2026-03-23T14:26:36+00:00\",\"dateModified\":\"2026-05-06T15:59:43+00:00\",\"breadcrumb\":{\"@id\":\"https:\\\/\\\/www.maplesoftgroup.com\\\/fr-ca\\\/a-propos\\\/le-defi-net-zero\\\/#breadcrumb\"},\"inLanguage\":\"fr-CA\",\"potentialAction\":[{\"@type\":\"ReadAction\",\"target\":[\"https:\\\/\\\/www.maplesoftgroup.com\\\/fr-ca\\\/a-propos\\\/le-defi-net-zero\\\/\"]}]},{\"@type\":\"ImageObject\",\"inLanguage\":\"fr-CA\",\"@id\":\"https:\\\/\\\/www.maplesoftgroup.com\\\/fr-ca\\\/a-propos\\\/le-defi-net-zero\\\/#primaryimage\",\"url\":\"https:\\\/\\\/www.maplesoftgroup.com\\\/wp-content\\\/uploads\\\/2026\\\/03\\\/NetZeroChallenge.jpg\",\"contentUrl\":\"https:\\\/\\\/www.maplesoftgroup.com\\\/wp-content\\\/uploads\\\/2026\\\/03\\\/NetZeroChallenge.jpg\"},{\"@type\":\"BreadcrumbList\",\"@id\":\"https:\\\/\\\/www.maplesoftgroup.com\\\/fr-ca\\\/a-propos\\\/le-defi-net-zero\\\/#breadcrumb\",\"itemListElement\":[{\"@type\":\"ListItem\",\"position\":1,\"name\":\"Home\",\"item\":\"https:\\\/\\\/www.maplesoftgroup.com\\\/fr-ca\\\/\"},{\"@type\":\"ListItem\",\"position\":2,\"name\":\"\u00c0 propos\",\"item\":\"https:\\\/\\\/www.maplesoftgroup.com\\\/fr-ca\\\/a-propos\\\/\"},{\"@type\":\"ListItem\",\"position\":3,\"name\":\"Le D\u00e9fi net z\u00e9ro\"}]},{\"@type\":\"WebSite\",\"@id\":\"https:\\\/\\\/www.maplesoftgroup.com\\\/#website\",\"url\":\"https:\\\/\\\/www.maplesoftgroup.com\\\/\",\"name\":\"QLogitek\",\"description\":\"\",\"publisher\":{\"@id\":\"https:\\\/\\\/www.maplesoftgroup.com\\\/#organization\"},\"potentialAction\":[{\"@type\":\"SearchAction\",\"target\":{\"@type\":\"EntryPoint\",\"urlTemplate\":\"https:\\\/\\\/www.maplesoftgroup.com\\\/?s={search_term_string}\"},\"query-input\":{\"@type\":\"PropertyValueSpecification\",\"valueRequired\":true,\"valueName\":\"search_term_string\"}}],\"inLanguage\":\"fr-CA\"},{\"@type\":\"Organization\",\"@id\":\"https:\\\/\\\/www.maplesoftgroup.com\\\/#organization\",\"name\":\"QLogitek\",\"url\":\"https:\\\/\\\/www.maplesoftgroup.com\\\/\",\"logo\":{\"@type\":\"ImageObject\",\"inLanguage\":\"fr-CA\",\"@id\":\"https:\\\/\\\/www.maplesoftgroup.com\\\/#\\\/schema\\\/logo\\\/image\\\/\",\"url\":\"https:\\\/\\\/www.maplesoftgroup.com\\\/wp-content\\\/uploads\\\/2025\\\/11\\\/QLogitek-New-Logo.png\",\"contentUrl\":\"https:\\\/\\\/www.maplesoftgroup.com\\\/wp-content\\\/uploads\\\/2025\\\/11\\\/QLogitek-New-Logo.png\",\"width\":1,\"height\":1,\"caption\":\"QLogitek\"},\"image\":{\"@id\":\"https:\\\/\\\/www.maplesoftgroup.com\\\/#\\\/schema\\\/logo\\\/image\\\/\"},\"sameAs\":[\"https:\\\/\\\/www.linkedin.com\\\/company\\\/qlogitek\\\/\"]}]}<\/script>\n<!-- \/ Yoast SEO plugin. -->","yoast_head_json":{"title":"Le D\u00e9fi net z\u00e9ro - Maplesoft Group","robots":{"index":"index","follow":"follow","max-snippet":"max-snippet:-1","max-image-preview":"max-image-preview:large","max-video-preview":"max-video-preview:-1"},"canonical":"https:\/\/www.maplesoftgroup.com\/fr-ca\/a-propos\/le-defi-net-zero\/","og_locale":"fr_CA","og_type":"article","og_title":"Le D\u00e9fi net z\u00e9ro - Maplesoft Group","og_description":"Le D\u00e9fi net z\u00e9ro Conform\u00e9ment aux cibles climatiques nationales du Canada,\u00a0Maplesoft\u00a0Consulting Inc. a le plaisir d&rsquo;annoncer sa participation au D\u00e9fi net z\u00e9ro (DNZ) d\u2019Environnement et Changement climatique Canada, avec l&rsquo;objectif d&rsquo;\u00e9liminer 100 % de ses \u00e9missions de carbone d&rsquo;ici l&rsquo;an 2050. Dans le cadre de ce d\u00e9fi,\u00a0Maplesoft\u00a0pr\u00e9voit de r\u00e9duire, puis d&rsquo;\u00e9liminer totalement, l&rsquo;ensemble de ses [&hellip;]","og_url":"https:\/\/www.maplesoftgroup.com\/fr-ca\/a-propos\/le-defi-net-zero\/","og_site_name":"Maplesoft Group","article_modified_time":"2026-05-06T15:59:43+00:00","og_image":[{"url":"https:\/\/www.maplesoftgroup.com\/wp-content\/uploads\/2026\/03\/NetZeroChallenge.jpg","type":"","width":"","height":""}],"twitter_card":"summary_large_image","twitter_misc":{"Estimation du temps de lecture":"3 minutes"},"schema":{"@context":"https:\/\/schema.org","@graph":[{"@type":"WebPage","@id":"https:\/\/www.maplesoftgroup.com\/fr-ca\/a-propos\/le-defi-net-zero\/","url":"https:\/\/www.maplesoftgroup.com\/fr-ca\/a-propos\/le-defi-net-zero\/","name":"Le D\u00e9fi net z\u00e9ro - Maplesoft Group","isPartOf":{"@id":"https:\/\/www.maplesoftgroup.com\/#website"},"primaryImageOfPage":{"@id":"https:\/\/www.maplesoftgroup.com\/fr-ca\/a-propos\/le-defi-net-zero\/#primaryimage"},"image":{"@id":"https:\/\/www.maplesoftgroup.com\/fr-ca\/a-propos\/le-defi-net-zero\/#primaryimage"},"thumbnailUrl":"https:\/\/www.maplesoftgroup.com\/wp-content\/uploads\/2026\/03\/NetZeroChallenge.jpg","datePublished":"2026-03-23T14:26:36+00:00","dateModified":"2026-05-06T15:59:43+00:00","breadcrumb":{"@id":"https:\/\/www.maplesoftgroup.com\/fr-ca\/a-propos\/le-defi-net-zero\/#breadcrumb"},"inLanguage":"fr-CA","potentialAction":[{"@type":"ReadAction","target":["https:\/\/www.maplesoftgroup.com\/fr-ca\/a-propos\/le-defi-net-zero\/"]}]},{"@type":"ImageObject","inLanguage":"fr-CA","@id":"https:\/\/www.maplesoftgroup.com\/fr-ca\/a-propos\/le-defi-net-zero\/#primaryimage","url":"https:\/\/www.maplesoftgroup.com\/wp-content\/uploads\/2026\/03\/NetZeroChallenge.jpg","contentUrl":"https:\/\/www.maplesoftgroup.com\/wp-content\/uploads\/2026\/03\/NetZeroChallenge.jpg"},{"@type":"BreadcrumbList","@id":"https:\/\/www.maplesoftgroup.com\/fr-ca\/a-propos\/le-defi-net-zero\/#breadcrumb","itemListElement":[{"@type":"ListItem","position":1,"name":"Home","item":"https:\/\/www.maplesoftgroup.com\/fr-ca\/"},{"@type":"ListItem","position":2,"name":"\u00c0 propos","item":"https:\/\/www.maplesoftgroup.com\/fr-ca\/a-propos\/"},{"@type":"ListItem","position":3,"name":"Le D\u00e9fi net z\u00e9ro"}]},{"@type":"WebSite","@id":"https:\/\/www.maplesoftgroup.com\/#website","url":"https:\/\/www.maplesoftgroup.com\/","name":"QLogitek","description":"","publisher":{"@id":"https:\/\/www.maplesoftgroup.com\/#organization"},"potentialAction":[{"@type":"SearchAction","target":{"@type":"EntryPoint","urlTemplate":"https:\/\/www.maplesoftgroup.com\/?s={search_term_string}"},"query-input":{"@type":"PropertyValueSpecification","valueRequired":true,"valueName":"search_term_string"}}],"inLanguage":"fr-CA"},{"@type":"Organization","@id":"https:\/\/www.maplesoftgroup.com\/#organization","name":"QLogitek","url":"https:\/\/www.maplesoftgroup.com\/","logo":{"@type":"ImageObject","inLanguage":"fr-CA","@id":"https:\/\/www.maplesoftgroup.com\/#\/schema\/logo\/image\/","url":"https:\/\/www.maplesoftgroup.com\/wp-content\/uploads\/2025\/11\/QLogitek-New-Logo.png","contentUrl":"https:\/\/www.maplesoftgroup.com\/wp-content\/uploads\/2025\/11\/QLogitek-New-Logo.png","width":1,"height":1,"caption":"QLogitek"},"image":{"@id":"https:\/\/www.maplesoftgroup.com\/#\/schema\/logo\/image\/"},"sameAs":["https:\/\/www.linkedin.com\/company\/qlogitek\/"]}]}},"jetpack_sharing_enabled":true,"_links":{"self":[{"href":"https:\/\/www.maplesoftgroup.com\/fr-ca\/wp-json\/wp\/v2\/pages\/37173","targetHints":{"allow":["GET"]}}],"collection":[{"href":"https:\/\/www.maplesoftgroup.com\/fr-ca\/wp-json\/wp\/v2\/pages"}],"about":[{"href":"https:\/\/www.maplesoftgroup.com\/fr-ca\/wp-json\/wp\/v2\/types\/page"}],"author":[{"embeddable":true,"href":"https:\/\/www.maplesoftgroup.com\/fr-ca\/wp-json\/wp\/v2\/users\/1"}],"replies":[{"embeddable":true,"href":"https:\/\/www.maplesoftgroup.com\/fr-ca\/wp-json\/wp\/v2\/comments?post=37173"}],"version-history":[{"count":6,"href":"https:\/\/www.maplesoftgroup.com\/fr-ca\/wp-json\/wp\/v2\/pages\/37173\/revisions"}],"predecessor-version":[{"id":37247,"href":"https:\/\/www.maplesoftgroup.com\/fr-ca\/wp-json\/wp\/v2\/pages\/37173\/revisions\/37247"}],"up":[{"embeddable":true,"href":"https:\/\/www.maplesoftgroup.com\/fr-ca\/wp-json\/wp\/v2\/pages\/37149"}],"wp:attachment":[{"href":"https:\/\/www.maplesoftgroup.com\/fr-ca\/wp-json\/wp\/v2\/media?parent=37173"}],"curies":[{"name":"wp","href":"https:\/\/api.w.org\/{rel}","templated":true}]}}