{"id":37779,"date":"2026-05-12T14:53:27","date_gmt":"2026-05-12T14:53:27","guid":{"rendered":"https:\/\/www.maplesoftgroup.com\/a-propos\/cpcsc-level-1-certification\/"},"modified":"2026-05-12T16:20:05","modified_gmt":"2026-05-12T16:20:05","slug":"la-certification-de-niveau-1-du-pccc","status":"publish","type":"page","link":"https:\/\/www.maplesoftgroup.com\/fr-ca\/a-propos\/la-certification-de-niveau-1-du-pccc\/","title":{"rendered":"La certification de niveau 1 du\u00a0PCCC"},"content":{"rendered":"\t\t<div data-elementor-type=\"wp-page\" data-elementor-id=\"37779\" class=\"elementor elementor-37779 elementor-37772\" data-elementor-post-type=\"page\">\n\t\t\t\t\t\t\t<div class=\" elementor-element elementor-element-9013111 e-flex e-con-boxed e-con e-parent\" data-id=\"9013111\" data-element_type=\"container\">\r\n\t\t\t\t\t\t\t<div class=\"e-con-inner\">\r\n\t\t\t\t\t\t\t<div class=\" elementor-element elementor-element-7987ae6 e-con-full e-flex e-con e-child\" data-id=\"7987ae6\" data-element_type=\"container\">\r\n\t\t\t\t\t<div class=\"elementor-element elementor-element-fd5d7ce elementor-widget elementor-widget-udesign_widget_heading\" data-id=\"fd5d7ce\" data-element_type=\"widget\" data-widget_type=\"udesign_widget_heading.default\">\n\t\t\t\t<div class=\"elementor-widget-container\">\n\t\t\t\t\t<div class=\"title-wrapper  title-underline title-underline2 title-left title-md-left\"><h2 class=\"title elementor-heading-title\">Certification de niveau 1 du Programme canadien de certification en cybers\u00e9curit\u00e9 (PCCC)<\/h2><\/div>\t\t\t\t<\/div>\n\t\t\t\t<\/div>\n\t\t\t\t<div class=\"elementor-element elementor-element-02f3265 elementor-widget elementor-widget-text-editor\" data-id=\"02f3265\" data-element_type=\"widget\" data-widget_type=\"text-editor.default\">\n\t\t\t\t<div class=\"elementor-widget-container\">\n\t\t\t\t\t\t\t\t\t<p><span class=\"TextRun SCXW127608758 BCX8\" lang=\"FR-CA\" xml:lang=\"FR-CA\" data-contrast=\"auto\"><span class=\"NormalTextRun SCXW127608758 BCX8\">Le\u00a0<\/span><span class=\"NormalTextRun SCXW127608758 BCX8\">PCCC<\/span><span class=\"NormalTextRun SCXW127608758 BCX8\">\u00a0renforce la Strat\u00e9gie de d\u00e9fense industrielle du Canada en veillant \u00e0 ce que tous les fournisseurs de la d\u00e9fense respectent des exigences de cybers\u00e9curit\u00e9 rigoureuses et normalis\u00e9es, consolidant ainsi une cha\u00eene d\u2019approvisionnement de la d\u00e9fense nationale s\u00fbre et r\u00e9siliente. Il aide les fournisseurs de la d\u00e9fense \u00e0 mieux cerner, \u00e9valuer et g\u00e9rer les\u00a0<\/span><span class=\"NormalTextRun AdvancedProofingIssueV2Themed SCXW127608758 BCX8\">risques potentiels<\/span><span class=\"NormalTextRun SCXW127608758 BCX8\">, notamment en ce qui concerne la protection de certains types de renseignements non classifi\u00e9s d\u00e9licats appel\u00e9s \u00ab renseignements d\u00e9sign\u00e9s \u00bb, tels que d\u00e9finis dans la nouvelle norme de cybers\u00e9curit\u00e9 industrielle.\u00a0<\/span><span class=\"NormalTextRun SpellingErrorV2Themed SCXW127608758 BCX8\">Maplesoft<\/span><span class=\"NormalTextRun SCXW127608758 BCX8\">\u00a0est fi\u00e8re d\u2019avoir obtenu la certification de niveau 1 du\u00a0<\/span><span class=\"NormalTextRun SCXW127608758 BCX8\">PCCC<\/span><span class=\"NormalTextRun SCXW127608758 BCX8\">, ce qui t\u00e9moigne de son engagement \u00e0 respecter les normes fondamentales de cybers\u00e9curit\u00e9 du gouvernement du Canada pour les fournisseurs de la d\u00e9fense.<\/span><\/span><\/p>\t\t\t\t\t\t\t\t<\/div>\n\t\t\t\t<\/div>\n\t\t\r\n\t\t\t<\/div>\r\n\t\t\t\t\t\t<div class=\" elementor-element elementor-element-0e743bf mb-5 mb-lg-0 e-con-full e-flex elementor-invisible e-con e-child\" data-id=\"0e743bf\" data-element_type=\"container\" data-settings=\"{&quot;animation&quot;:&quot;fadeInLeftShorter&quot;}\">\r\n\t\t\t\t\t<div class=\"elementor-element elementor-element-a7a1e94 cs_39-img-shadow shadow1 cs_39-shadow-none elementor-widget-tablet__width-initial elementor-widget-laptop__width-initial elementor-widget elementor-widget-image\" data-id=\"a7a1e94\" data-element_type=\"widget\" data-widget_type=\"image.default\">\n\t\t\t\t<div class=\"elementor-widget-container\">\n\t\t\t\t\t\t\t\t\t\t\t\t\t\t\t<img fetchpriority=\"high\" decoding=\"async\" width=\"1024\" height=\"539\" src=\"https:\/\/www.maplesoftgroup.com\/wp-content\/uploads\/2026\/05\/Maplesot-CPCSC-RFW-1024x539.jpg\" class=\"attachment-large size-large wp-image-37778\" alt=\"\" srcset=\"https:\/\/www.maplesoftgroup.com\/wp-content\/uploads\/2026\/05\/Maplesot-CPCSC-RFW-1024x539.jpg 1024w, https:\/\/www.maplesoftgroup.com\/wp-content\/uploads\/2026\/05\/Maplesot-CPCSC-RFW-768x404.jpg 768w, https:\/\/www.maplesoftgroup.com\/wp-content\/uploads\/2026\/05\/Maplesot-CPCSC-RFW-568x300.jpg 568w\" sizes=\"(max-width: 1024px) 100vw, 1024px\" \/>\t\t\t\t\t\t\t\t\t\t\t\t\t\t\t<\/div>\n\t\t\t\t<\/div>\n\t\t\r\n\t\t\t<\/div>\r\n\t\t\t\t\t\t\t<\/div>\r\n\t\t\t\t\r\n\t\t\t<\/div>\r\n\t\t\t\t\t\t<div class=\" elementor-element elementor-element-9b6ca01 e-flex e-con-boxed e-con e-parent\" data-id=\"9b6ca01\" data-element_type=\"container\" data-settings=\"{&quot;background_background&quot;:&quot;classic&quot;}\">\r\n\t\t\t\t\t\t\t<div class=\"e-con-inner\">\r\n\t\t\t\t\t\t<div class=\"elementor-element elementor-element-ba09953 elementor-widget__width-inherit elementor-widget elementor-widget-udesign_widget_heading\" data-id=\"ba09953\" data-element_type=\"widget\" data-widget_type=\"udesign_widget_heading.default\">\n\t\t\t\t<div class=\"elementor-widget-container\">\n\t\t\t\t\t<div class=\"title-wrapper  title-center\"><h2 class=\"title elementor-heading-title\">Ce que cela signifie pour notre client\u00e8le<\/h2><\/div>\t\t\t\t<\/div>\n\t\t\t\t<\/div>\n\t\t\t\t<div class=\"elementor-element elementor-element-82ae9a2 elementor-widget-divider--view-line elementor-invisible elementor-widget elementor-widget-divider\" data-id=\"82ae9a2\" data-element_type=\"widget\" data-settings=\"{&quot;_animation&quot;:&quot;fadeIn&quot;,&quot;_animation_delay&quot;:800}\" data-widget_type=\"divider.default\">\n\t\t\t\t<div class=\"elementor-widget-container\">\n\t\t\t\t\t\t\t<div class=\"elementor-divider\">\n\t\t\t<span class=\"elementor-divider-separator\">\n\t\t\t\t\t\t<\/span>\n\t\t<\/div>\n\t\t\t\t\t\t<\/div>\n\t\t\t\t<\/div>\n\t\t\t\t<div class=\"elementor-element elementor-element-304b867 animated-fast elementor-widget elementor-widget-heading\" data-id=\"304b867\" data-element_type=\"widget\" data-settings=\"{&quot;_animation&quot;:&quot;none&quot;,&quot;_animation_delay&quot;:800}\" data-widget_type=\"heading.default\">\n\t\t\t\t<div class=\"elementor-widget-container\">\n\t\t\t\t\t<p class=\"elementor-heading-title elementor-size-default\">Cette certification procure une valeur ajout\u00e9e consid\u00e9rable \u00e0 nos clients en garantissant que Maplesoft a mis en place les contr\u00f4les de s\u00e9curit\u00e9 essentiels pour prot\u00e9ger les renseignements gouvernementaux d\u00e9licats, r\u00e9duisant ainsi les cyberrisques dans l'ensemble de la cha\u00eene d'approvisionnement. Elle assure \u00e9galement \u00e0 notre client\u00e8le que Maplesoft est pleinement admissible \u00e0 soutenir les contrats du minist\u00e8re de la D\u00e9fense nationale et d'autres minist\u00e8res f\u00e9d\u00e9raux, et \u00e0 y participer, lorsque la conformit\u00e9 au PCCC est exig\u00e9e. Cela permet une collaboration fluide, sans barri\u00e8res r\u00e9glementaires. En fin de compte, la certification de Maplesoft accro\u00eet la confiance de la client\u00e8le et renforce son r\u00f4le de partenaire s\u00fbr et fiable pour la prestation de solutions de dotation de personnel de haute qualit\u00e9 au sein de l'\u00e9cosyst\u00e8me de la d\u00e9fense et du secteur public au Canada.<\/p>\t\t\t\t<\/div>\n\t\t\t\t<\/div>\n\t\t\t\t\t\t<\/div>\r\n\t\t\t\t\r\n\t\t\t<\/div>\r\n\t\t\t\t\t<\/div>\n\t\t","protected":false},"excerpt":{"rendered":"<p>Certification de niveau 1 du Programme canadien de certification en cybers\u00e9curit\u00e9 (PCCC) Le\u00a0PCCC\u00a0renforce la Strat\u00e9gie de d\u00e9fense industrielle du Canada en veillant \u00e0 ce que tous les fournisseurs de la d\u00e9fense respectent des exigences de cybers\u00e9curit\u00e9 rigoureuses et normalis\u00e9es, consolidant ainsi une cha\u00eene d\u2019approvisionnement de la d\u00e9fense nationale s\u00fbre et r\u00e9siliente. Il aide les fournisseurs [&hellip;]<\/p>\n","protected":false},"author":1,"featured_media":0,"parent":37149,"menu_order":0,"comment_status":"closed","ping_status":"closed","template":"elementor_header_footer","meta":{"footnotes":""},"class_list":["post-37779","page","type-page","status-publish","hentry"],"yoast_head":"<!-- This site is optimized with the Yoast SEO plugin v27.5 - https:\/\/yoast.com\/product\/yoast-seo-wordpress\/ -->\n<title>La certification de niveau 1 du\u00a0PCCC - Maplesoft Group<\/title>\n<meta name=\"robots\" content=\"index, follow, max-snippet:-1, max-image-preview:large, max-video-preview:-1\" \/>\n<link rel=\"canonical\" href=\"https:\/\/www.maplesoftgroup.com\/fr-ca\/a-propos\/la-certification-de-niveau-1-du-pccc\/\" \/>\n<meta property=\"og:locale\" content=\"fr_CA\" \/>\n<meta property=\"og:type\" content=\"article\" \/>\n<meta property=\"og:title\" content=\"La certification de niveau 1 du\u00a0PCCC - Maplesoft Group\" \/>\n<meta property=\"og:description\" content=\"Certification de niveau 1 du Programme canadien de certification en cybers\u00e9curit\u00e9 (PCCC) Le\u00a0PCCC\u00a0renforce la Strat\u00e9gie de d\u00e9fense industrielle du Canada en veillant \u00e0 ce que tous les fournisseurs de la d\u00e9fense respectent des exigences de cybers\u00e9curit\u00e9 rigoureuses et normalis\u00e9es, consolidant ainsi une cha\u00eene d\u2019approvisionnement de la d\u00e9fense nationale s\u00fbre et r\u00e9siliente. Il aide les fournisseurs [&hellip;]\" \/>\n<meta property=\"og:url\" content=\"https:\/\/www.maplesoftgroup.com\/fr-ca\/a-propos\/la-certification-de-niveau-1-du-pccc\/\" \/>\n<meta property=\"og:site_name\" content=\"Maplesoft Group\" \/>\n<meta property=\"article:modified_time\" content=\"2026-05-12T16:20:05+00:00\" \/>\n<meta property=\"og:image\" content=\"https:\/\/www.maplesoftgroup.com\/wp-content\/uploads\/2026\/05\/Maplesot-CPCSC-RFW-1024x539.jpg\" \/>\n<meta name=\"twitter:card\" content=\"summary_large_image\" \/>\n<meta name=\"twitter:label1\" content=\"Estimation du temps de lecture\" \/>\n\t<meta name=\"twitter:data1\" content=\"2 minutes\" \/>\n<script type=\"application\/ld+json\" class=\"yoast-schema-graph\">{\"@context\":\"https:\\\/\\\/schema.org\",\"@graph\":[{\"@type\":\"WebPage\",\"@id\":\"https:\\\/\\\/www.maplesoftgroup.com\\\/fr-ca\\\/a-propos\\\/la-certification-de-niveau-1-du-pccc\\\/\",\"url\":\"https:\\\/\\\/www.maplesoftgroup.com\\\/fr-ca\\\/a-propos\\\/la-certification-de-niveau-1-du-pccc\\\/\",\"name\":\"La certification de niveau 1 du\u00a0PCCC - Maplesoft Group\",\"isPartOf\":{\"@id\":\"https:\\\/\\\/www.maplesoftgroup.com\\\/#website\"},\"primaryImageOfPage\":{\"@id\":\"https:\\\/\\\/www.maplesoftgroup.com\\\/fr-ca\\\/a-propos\\\/la-certification-de-niveau-1-du-pccc\\\/#primaryimage\"},\"image\":{\"@id\":\"https:\\\/\\\/www.maplesoftgroup.com\\\/fr-ca\\\/a-propos\\\/la-certification-de-niveau-1-du-pccc\\\/#primaryimage\"},\"thumbnailUrl\":\"https:\\\/\\\/www.maplesoftgroup.com\\\/wp-content\\\/uploads\\\/2026\\\/05\\\/Maplesot-CPCSC-RFW-1024x539.jpg\",\"datePublished\":\"2026-05-12T14:53:27+00:00\",\"dateModified\":\"2026-05-12T16:20:05+00:00\",\"breadcrumb\":{\"@id\":\"https:\\\/\\\/www.maplesoftgroup.com\\\/fr-ca\\\/a-propos\\\/la-certification-de-niveau-1-du-pccc\\\/#breadcrumb\"},\"inLanguage\":\"fr-CA\",\"potentialAction\":[{\"@type\":\"ReadAction\",\"target\":[\"https:\\\/\\\/www.maplesoftgroup.com\\\/fr-ca\\\/a-propos\\\/la-certification-de-niveau-1-du-pccc\\\/\"]}]},{\"@type\":\"ImageObject\",\"inLanguage\":\"fr-CA\",\"@id\":\"https:\\\/\\\/www.maplesoftgroup.com\\\/fr-ca\\\/a-propos\\\/la-certification-de-niveau-1-du-pccc\\\/#primaryimage\",\"url\":\"https:\\\/\\\/www.maplesoftgroup.com\\\/wp-content\\\/uploads\\\/2026\\\/05\\\/Maplesot-CPCSC-RFW-1024x539.jpg\",\"contentUrl\":\"https:\\\/\\\/www.maplesoftgroup.com\\\/wp-content\\\/uploads\\\/2026\\\/05\\\/Maplesot-CPCSC-RFW-1024x539.jpg\"},{\"@type\":\"BreadcrumbList\",\"@id\":\"https:\\\/\\\/www.maplesoftgroup.com\\\/fr-ca\\\/a-propos\\\/la-certification-de-niveau-1-du-pccc\\\/#breadcrumb\",\"itemListElement\":[{\"@type\":\"ListItem\",\"position\":1,\"name\":\"Home\",\"item\":\"https:\\\/\\\/www.maplesoftgroup.com\\\/fr-ca\\\/\"},{\"@type\":\"ListItem\",\"position\":2,\"name\":\"\u00c0 propos\",\"item\":\"https:\\\/\\\/www.maplesoftgroup.com\\\/fr-ca\\\/a-propos\\\/\"},{\"@type\":\"ListItem\",\"position\":3,\"name\":\"La certification de niveau 1 du\u00a0PCCC\"}]},{\"@type\":\"WebSite\",\"@id\":\"https:\\\/\\\/www.maplesoftgroup.com\\\/#website\",\"url\":\"https:\\\/\\\/www.maplesoftgroup.com\\\/\",\"name\":\"QLogitek\",\"description\":\"\",\"publisher\":{\"@id\":\"https:\\\/\\\/www.maplesoftgroup.com\\\/#organization\"},\"potentialAction\":[{\"@type\":\"SearchAction\",\"target\":{\"@type\":\"EntryPoint\",\"urlTemplate\":\"https:\\\/\\\/www.maplesoftgroup.com\\\/?s={search_term_string}\"},\"query-input\":{\"@type\":\"PropertyValueSpecification\",\"valueRequired\":true,\"valueName\":\"search_term_string\"}}],\"inLanguage\":\"fr-CA\"},{\"@type\":\"Organization\",\"@id\":\"https:\\\/\\\/www.maplesoftgroup.com\\\/#organization\",\"name\":\"QLogitek\",\"url\":\"https:\\\/\\\/www.maplesoftgroup.com\\\/\",\"logo\":{\"@type\":\"ImageObject\",\"inLanguage\":\"fr-CA\",\"@id\":\"https:\\\/\\\/www.maplesoftgroup.com\\\/#\\\/schema\\\/logo\\\/image\\\/\",\"url\":\"https:\\\/\\\/www.maplesoftgroup.com\\\/wp-content\\\/uploads\\\/2025\\\/11\\\/QLogitek-New-Logo.png\",\"contentUrl\":\"https:\\\/\\\/www.maplesoftgroup.com\\\/wp-content\\\/uploads\\\/2025\\\/11\\\/QLogitek-New-Logo.png\",\"width\":1,\"height\":1,\"caption\":\"QLogitek\"},\"image\":{\"@id\":\"https:\\\/\\\/www.maplesoftgroup.com\\\/#\\\/schema\\\/logo\\\/image\\\/\"},\"sameAs\":[\"https:\\\/\\\/www.linkedin.com\\\/company\\\/qlogitek\\\/\"]}]}<\/script>\n<!-- \/ Yoast SEO plugin. -->","yoast_head_json":{"title":"La certification de niveau 1 du\u00a0PCCC - Maplesoft Group","robots":{"index":"index","follow":"follow","max-snippet":"max-snippet:-1","max-image-preview":"max-image-preview:large","max-video-preview":"max-video-preview:-1"},"canonical":"https:\/\/www.maplesoftgroup.com\/fr-ca\/a-propos\/la-certification-de-niveau-1-du-pccc\/","og_locale":"fr_CA","og_type":"article","og_title":"La certification de niveau 1 du\u00a0PCCC - Maplesoft Group","og_description":"Certification de niveau 1 du Programme canadien de certification en cybers\u00e9curit\u00e9 (PCCC) Le\u00a0PCCC\u00a0renforce la Strat\u00e9gie de d\u00e9fense industrielle du Canada en veillant \u00e0 ce que tous les fournisseurs de la d\u00e9fense respectent des exigences de cybers\u00e9curit\u00e9 rigoureuses et normalis\u00e9es, consolidant ainsi une cha\u00eene d\u2019approvisionnement de la d\u00e9fense nationale s\u00fbre et r\u00e9siliente. Il aide les fournisseurs [&hellip;]","og_url":"https:\/\/www.maplesoftgroup.com\/fr-ca\/a-propos\/la-certification-de-niveau-1-du-pccc\/","og_site_name":"Maplesoft Group","article_modified_time":"2026-05-12T16:20:05+00:00","og_image":[{"url":"https:\/\/www.maplesoftgroup.com\/wp-content\/uploads\/2026\/05\/Maplesot-CPCSC-RFW-1024x539.jpg","type":"","width":"","height":""}],"twitter_card":"summary_large_image","twitter_misc":{"Estimation du temps de lecture":"2 minutes"},"schema":{"@context":"https:\/\/schema.org","@graph":[{"@type":"WebPage","@id":"https:\/\/www.maplesoftgroup.com\/fr-ca\/a-propos\/la-certification-de-niveau-1-du-pccc\/","url":"https:\/\/www.maplesoftgroup.com\/fr-ca\/a-propos\/la-certification-de-niveau-1-du-pccc\/","name":"La certification de niveau 1 du\u00a0PCCC - Maplesoft Group","isPartOf":{"@id":"https:\/\/www.maplesoftgroup.com\/#website"},"primaryImageOfPage":{"@id":"https:\/\/www.maplesoftgroup.com\/fr-ca\/a-propos\/la-certification-de-niveau-1-du-pccc\/#primaryimage"},"image":{"@id":"https:\/\/www.maplesoftgroup.com\/fr-ca\/a-propos\/la-certification-de-niveau-1-du-pccc\/#primaryimage"},"thumbnailUrl":"https:\/\/www.maplesoftgroup.com\/wp-content\/uploads\/2026\/05\/Maplesot-CPCSC-RFW-1024x539.jpg","datePublished":"2026-05-12T14:53:27+00:00","dateModified":"2026-05-12T16:20:05+00:00","breadcrumb":{"@id":"https:\/\/www.maplesoftgroup.com\/fr-ca\/a-propos\/la-certification-de-niveau-1-du-pccc\/#breadcrumb"},"inLanguage":"fr-CA","potentialAction":[{"@type":"ReadAction","target":["https:\/\/www.maplesoftgroup.com\/fr-ca\/a-propos\/la-certification-de-niveau-1-du-pccc\/"]}]},{"@type":"ImageObject","inLanguage":"fr-CA","@id":"https:\/\/www.maplesoftgroup.com\/fr-ca\/a-propos\/la-certification-de-niveau-1-du-pccc\/#primaryimage","url":"https:\/\/www.maplesoftgroup.com\/wp-content\/uploads\/2026\/05\/Maplesot-CPCSC-RFW-1024x539.jpg","contentUrl":"https:\/\/www.maplesoftgroup.com\/wp-content\/uploads\/2026\/05\/Maplesot-CPCSC-RFW-1024x539.jpg"},{"@type":"BreadcrumbList","@id":"https:\/\/www.maplesoftgroup.com\/fr-ca\/a-propos\/la-certification-de-niveau-1-du-pccc\/#breadcrumb","itemListElement":[{"@type":"ListItem","position":1,"name":"Home","item":"https:\/\/www.maplesoftgroup.com\/fr-ca\/"},{"@type":"ListItem","position":2,"name":"\u00c0 propos","item":"https:\/\/www.maplesoftgroup.com\/fr-ca\/a-propos\/"},{"@type":"ListItem","position":3,"name":"La certification de niveau 1 du\u00a0PCCC"}]},{"@type":"WebSite","@id":"https:\/\/www.maplesoftgroup.com\/#website","url":"https:\/\/www.maplesoftgroup.com\/","name":"QLogitek","description":"","publisher":{"@id":"https:\/\/www.maplesoftgroup.com\/#organization"},"potentialAction":[{"@type":"SearchAction","target":{"@type":"EntryPoint","urlTemplate":"https:\/\/www.maplesoftgroup.com\/?s={search_term_string}"},"query-input":{"@type":"PropertyValueSpecification","valueRequired":true,"valueName":"search_term_string"}}],"inLanguage":"fr-CA"},{"@type":"Organization","@id":"https:\/\/www.maplesoftgroup.com\/#organization","name":"QLogitek","url":"https:\/\/www.maplesoftgroup.com\/","logo":{"@type":"ImageObject","inLanguage":"fr-CA","@id":"https:\/\/www.maplesoftgroup.com\/#\/schema\/logo\/image\/","url":"https:\/\/www.maplesoftgroup.com\/wp-content\/uploads\/2025\/11\/QLogitek-New-Logo.png","contentUrl":"https:\/\/www.maplesoftgroup.com\/wp-content\/uploads\/2025\/11\/QLogitek-New-Logo.png","width":1,"height":1,"caption":"QLogitek"},"image":{"@id":"https:\/\/www.maplesoftgroup.com\/#\/schema\/logo\/image\/"},"sameAs":["https:\/\/www.linkedin.com\/company\/qlogitek\/"]}]}},"jetpack_sharing_enabled":true,"_links":{"self":[{"href":"https:\/\/www.maplesoftgroup.com\/fr-ca\/wp-json\/wp\/v2\/pages\/37779","targetHints":{"allow":["GET"]}}],"collection":[{"href":"https:\/\/www.maplesoftgroup.com\/fr-ca\/wp-json\/wp\/v2\/pages"}],"about":[{"href":"https:\/\/www.maplesoftgroup.com\/fr-ca\/wp-json\/wp\/v2\/types\/page"}],"author":[{"embeddable":true,"href":"https:\/\/www.maplesoftgroup.com\/fr-ca\/wp-json\/wp\/v2\/users\/1"}],"replies":[{"embeddable":true,"href":"https:\/\/www.maplesoftgroup.com\/fr-ca\/wp-json\/wp\/v2\/comments?post=37779"}],"version-history":[{"count":5,"href":"https:\/\/www.maplesoftgroup.com\/fr-ca\/wp-json\/wp\/v2\/pages\/37779\/revisions"}],"predecessor-version":[{"id":37785,"href":"https:\/\/www.maplesoftgroup.com\/fr-ca\/wp-json\/wp\/v2\/pages\/37779\/revisions\/37785"}],"up":[{"embeddable":true,"href":"https:\/\/www.maplesoftgroup.com\/fr-ca\/wp-json\/wp\/v2\/pages\/37149"}],"wp:attachment":[{"href":"https:\/\/www.maplesoftgroup.com\/fr-ca\/wp-json\/wp\/v2\/media?parent=37779"}],"curies":[{"name":"wp","href":"https:\/\/api.w.org\/{rel}","templated":true}]}}